{"id":128,"date":"2019-07-09T13:38:31","date_gmt":"2019-07-09T11:38:31","guid":{"rendered":"http:\/\/36ppp.de\/moritz\/?page_id=128"},"modified":"2023-07-17T14:18:22","modified_gmt":"2023-07-17T12:18:22","slug":"dokumente-und-karten","status":"publish","type":"page","link":"https:\/\/36ppp.de\/moritz\/dokumente-und-karten\/","title":{"rendered":"Dokumente und Karten"},"content":{"rendered":"\n<p>Um in die USA einreisen zu k\u00f6nnen braucht man erstmal ein Visum, die meisten kommen nur f\u00fcr den Urlaub in die USA und ben\u00f6tigen daf\u00fcr nur ein sogenanntes <a href=\"https:\/\/esta.cbp.dhs.gov\" target=\"_blank\" rel=\"noreferrer noopener\">ESTA<\/a> Visum, welches drei Monate G\u00fcltig ist. Bei mir ist es etwas anderes, da ich f\u00fcr ein Jahr in dem Land leben, studieren und arbeiten werde, ben\u00f6tige ich ein J1-Visum. Dieses habe ich im Frankfurter US-Generalkonsulat beantragt und werde dazu noch in einem Blogeintrag berichten. <\/p>\n\n\n\n<p>Weitere Dokumente die ich w\u00e4hrend meines Aufenthalts ben\u00f6tige:<\/p>\n\n\n\n<ul class=\"wp-block-list\">\n<li>Reisepass <\/li>\n\n\n\n<li>Visum<\/li>\n\n\n\n<li>Impfpass<\/li>\n\n\n\n<li>Internationaler F\u00fchrerschein<\/li>\n\n\n\n<li>Passbilder f\u00fcr eventuell amerikanischen F\u00fchrerschein<\/li>\n\n\n\n<li>Wichtige Kopien <\/li>\n<\/ul>\n\n\n\n<p>In den USA bezahlt man bedeutend mehr mit einer Kreditkarte als mit Bargeld, somit musste ich mich im Vorfeld um eine Kreditkarte k\u00fcmmern.<\/p>\n\n\n\n<p>Die wichtigsten Kriterien waren dabei nicht zu hohe Auslandsgeb\u00fchren und keine Geb\u00fchren f\u00fcr Bargeldabhebung. Des Weiteren die Akzeptanz und eventuell ein Versicherungspaket mit inbegriffen. Da ich mich bei verschiedenen Foren erkundigt habe, entschied ich mich f\u00fcr die Kreditkarte der DKB (Deutsche Kredit Bank AG). Die Vorteile:<\/p>\n\n\n\n<ul class=\"wp-block-list\">\n<li>weltweit kostenlos Bargeld an Automaten abheben <\/li>\n\n\n\n<li>weltweit kostenlos mit der DKB-VISA-Kreditkarte bezahlen<\/li>\n\n\n\n<li>kostenlose Notfallkarte und \u2013bargeld bei Kartenverlust im Ausland<\/li>\n\n\n\n<li>kostenlose VISA-Kreditkarte mit Girokonto<\/li>\n\n\n\n<li>Apple Pay f\u00e4hig<\/li>\n\n\n\n<li>Visa Akzeptanz ist sehr hoch<\/li>\n<\/ul>\n\n\n\n<p>Des Weiteren wollte ich noch eine zweite Kreditkarte als Backup und habe mich nach langem \u00dcberlegen f\u00fcr die American Express Green Card entschieden. Hier habe ich einmal die Vor- und Nachteile der Amex aufgelistet:<\/p>\n\n\n\n<p><strong>Vorteile<\/strong><\/p>\n\n\n\n<ul class=\"wp-block-list\">\n<li>Flugversp\u00e4tungsversicherung<\/li>\n\n\n\n<li>Gep\u00e4ckversp\u00e4tungsversicherung<\/li>\n\n\n\n<li>Missbrauchsschutz bei Benutzung der Karte<\/li>\n\n\n\n<li>Akzeptanz in den USA hoch<\/li>\n\n\n\n<li>Membership Rewards Programm<\/li>\n\n\n\n<li>10.000 MR Punkte <\/li>\n\n\n\n<li>Apple Pay f\u00e4hig<\/li>\n\n\n\n<li>Im ersten Jahr ohne Jahresgeb\u00fchr<\/li>\n<\/ul>\n\n\n\n<p><strong>Nachteile<\/strong><\/p>\n\n\n\n<ul class=\"wp-block-list\">\n<li>1,99 % Fremdw\u00e4hrungsgeb\u00fchr<\/li>\n\n\n\n<li>4 % Geb\u00fchr f\u00fcr Bargeldabhebung <\/li>\n<\/ul>\n\n\n\n<p>Um die 10.000 Membership Rewards Punkte Zu erhalten, kannst du \u00fcber diesen Link deine Amex beantragen: <a label=\"www.amex.de\/freunde\/mORITRB8u4?XLINK=MYCP (\u00f6ffnet in neuem Tab)\" href=\"http:\/\/www.amex.de\/freunde\/mORITRB8u4?XLINK=MYCP\" target=\"_blank\" rel=\"noreferrer noopener\" class=\"broken_link\">Deine <\/a><a href=\"http:\/\/Ich empfehle Dir folgende American Express Karte: americanexpress.com\/de-de\/referral\/mORITRbDK3?XL=MIMNS\" target=\"_blank\" rel=\"noreferrer noopener\">Amex<\/a><\/p>\n\n\n\n<p><\/p>\n<div class=\"shariff\" data-services=\"facebook\" data-url=\"https%3A%2F%2F36ppp.de%2Fmoritz%2Fdokumente-und-karten%2F\" data-timestamp=\"1689603502\" data-backendurl=\"https:\/\/36ppp.de\/moritz\/wp-json\/shariff\/v1\/share_counts?\"><ul class=\"shariff-buttons theme-default orientation-horizontal buttonsize-medium\"><li class=\"shariff-button facebook shariff-nocustomcolor\" style=\"background-color:#4273c8\"><a href=\"https:\/\/www.facebook.com\/sharer\/sharer.php?u=https%3A%2F%2F36ppp.de%2Fmoritz%2Fdokumente-und-karten%2F\" title=\"Bei Facebook teilen\" aria-label=\"Bei Facebook teilen\" role=\"button\" rel=\"nofollow\" class=\"shariff-link\" style=\"; background-color:#3b5998; color:#fff\" target=\"_blank\"><span class=\"shariff-icon\" style=\"\"><svg width=\"32px\" height=\"20px\" xmlns=\"http:\/\/www.w3.org\/2000\/svg\" viewBox=\"0 0 18 32\"><path fill=\"#3b5998\" d=\"M17.1 0.2v4.7h-2.8q-1.5 0-2.1 0.6t-0.5 1.9v3.4h5.2l-0.7 5.3h-4.5v13.6h-5.5v-13.6h-4.5v-5.3h4.5v-3.9q0-3.3 1.9-5.2t5-1.8q2.6 0 4.1 0.2z\"\/><\/svg><\/span><span class=\"shariff-text\">teilen<\/span>&nbsp;<\/a><\/li><li class=\"shariff-button mailto shariff-nocustomcolor\" style=\"background-color:#a8a8a8\"><a href=\"mailto:?body=https%3A%2F%2F36ppp.de%2Fmoritz%2Fdokumente-und-karten%2F&subject=Dokumente%20und%20Karten\" title=\"Per E-Mail versenden\" aria-label=\"Per E-Mail versenden\" role=\"button\" rel=\"noopener nofollow\" class=\"shariff-link\" style=\"; background-color:#999; color:#fff\"><span class=\"shariff-icon\" style=\"\"><svg width=\"32px\" height=\"20px\" xmlns=\"http:\/\/www.w3.org\/2000\/svg\" viewBox=\"0 0 32 32\"><path fill=\"#999\" d=\"M32 12.7v14.2q0 1.2-0.8 2t-2 0.9h-26.3q-1.2 0-2-0.9t-0.8-2v-14.2q0.8 0.9 1.8 1.6 6.5 4.4 8.9 6.1 1 0.8 1.6 1.2t1.7 0.9 2 0.4h0.1q0.9 0 2-0.4t1.7-0.9 1.6-1.2q3-2.2 8.9-6.1 1-0.7 1.8-1.6zM32 7.4q0 1.4-0.9 2.7t-2.2 2.2q-6.7 4.7-8.4 5.8-0.2 0.1-0.7 0.5t-1 0.7-0.9 0.6-1.1 0.5-0.9 0.2h-0.1q-0.4 0-0.9-0.2t-1.1-0.5-0.9-0.6-1-0.7-0.7-0.5q-1.6-1.1-4.7-3.2t-3.6-2.6q-1.1-0.7-2.1-2t-1-2.5q0-1.4 0.7-2.3t2.1-0.9h26.3q1.2 0 2 0.8t0.9 2z\"\/><\/svg><\/span><span class=\"shariff-text\">E-Mail<\/span>&nbsp;<\/a><\/li><li class=\"shariff-button whatsapp shariff-nocustomcolor\" style=\"background-color:#5cbe4a\"><a href=\"https:\/\/api.whatsapp.com\/send?text=https%3A%2F%2F36ppp.de%2Fmoritz%2Fdokumente-und-karten%2F%20Dokumente%20und%20Karten\" title=\"Bei Whatsapp teilen\" aria-label=\"Bei Whatsapp teilen\" role=\"button\" rel=\"noopener nofollow\" class=\"shariff-link\" style=\"; background-color:#34af23; color:#fff\" target=\"_blank\"><span class=\"shariff-icon\" style=\"\"><svg width=\"32px\" height=\"20px\" xmlns=\"http:\/\/www.w3.org\/2000\/svg\" viewBox=\"0 0 32 32\"><path fill=\"#34af23\" d=\"M17.6 17.4q0.2 0 1.7 0.8t1.6 0.9q0 0.1 0 0.3 0 0.6-0.3 1.4-0.3 0.7-1.3 1.2t-1.8 0.5q-1 0-3.4-1.1-1.7-0.8-3-2.1t-2.6-3.3q-1.3-1.9-1.3-3.5v-0.1q0.1-1.6 1.3-2.8 0.4-0.4 0.9-0.4 0.1 0 0.3 0t0.3 0q0.3 0 0.5 0.1t0.3 0.5q0.1 0.4 0.6 1.6t0.4 1.3q0 0.4-0.6 1t-0.6 0.8q0 0.1 0.1 0.3 0.6 1.3 1.8 2.4 1 0.9 2.7 1.8 0.2 0.1 0.4 0.1 0.3 0 1-0.9t0.9-0.9zM14 26.9q2.3 0 4.3-0.9t3.6-2.4 2.4-3.6 0.9-4.3-0.9-4.3-2.4-3.6-3.6-2.4-4.3-0.9-4.3 0.9-3.6 2.4-2.4 3.6-0.9 4.3q0 3.6 2.1 6.6l-1.4 4.2 4.3-1.4q2.8 1.9 6.2 1.9zM14 2.2q2.7 0 5.2 1.1t4.3 2.9 2.9 4.3 1.1 5.2-1.1 5.2-2.9 4.3-4.3 2.9-5.2 1.1q-3.5 0-6.5-1.7l-7.4 2.4 2.4-7.2q-1.9-3.2-1.9-6.9 0-2.7 1.1-5.2t2.9-4.3 4.3-2.9 5.2-1.1z\"\/><\/svg><\/span><span class=\"shariff-text\">teilen<\/span>&nbsp;<\/a><\/li><li class=\"shariff-button sms shariff-nocustomcolor shariff-mobile\" style=\"background-color:#d7d9d8\"><a href=\"sms:?&body=https%3A%2F%2F36ppp.de%2Fmoritz%2Fdokumente-und-karten%2F\" title=\"Per SMS teilen\" aria-label=\"Per SMS teilen\" role=\"button\" rel=\"noopener nofollow\" class=\"shariff-link\" style=\"; background-color:#a1e877; color:#fff\" target=\"_blank\"><span class=\"shariff-icon\" style=\"\"><svg xmlns=\"http:\/\/www.w3.org\/2000\/svg\" width=\"510\" height=\"510\" viewBox=\"0 0 510 510\"><path fill=\"#a1e877\" d=\"M459 0H51C23 0 0 23 0 51v459l102-102h357c28.1 0 51-22.9 51-51V51C510 23 487.1 0 459 0zM178.5 229.5h-51v-51h51V229.5zM280.5 229.5h-51v-51h51V229.5zM382.5 229.5h-51v-51h51V229.5z\"\/><\/svg><\/span><span class=\"shariff-text\">teilen<\/span>&nbsp;<\/a><\/li><li class=\"shariff-button twitter shariff-nocustomcolor\" style=\"background-color:#595959\"><a href=\"https:\/\/twitter.com\/share?url=https%3A%2F%2F36ppp.de%2Fmoritz%2Fdokumente-und-karten%2F&text=Dokumente%20und%20Karten\" title=\"Bei X teilen\" aria-label=\"Bei X teilen\" role=\"button\" rel=\"noopener nofollow\" class=\"shariff-link\" style=\"; background-color:#000; color:#fff\" target=\"_blank\"><span class=\"shariff-icon\" style=\"\"><svg width=\"32px\" height=\"20px\" xmlns=\"http:\/\/www.w3.org\/2000\/svg\" viewBox=\"0 0 24 24\"><path fill=\"#000\" d=\"M14.258 10.152L23.176 0h-2.113l-7.747 8.813L7.133 0H0l9.352 13.328L0 23.973h2.113l8.176-9.309 6.531 9.309h7.133zm-2.895 3.293l-.949-1.328L2.875 1.56h3.246l6.086 8.523.945 1.328 7.91 11.078h-3.246zm0 0\"\/><\/svg><\/span><span class=\"shariff-text\">teilen<\/span>&nbsp;<\/a><\/li><\/ul><\/div>","protected":false},"excerpt":{"rendered":"<p>Um in die USA einreisen zu k\u00f6nnen braucht man erstmal ein Visum, die meisten kommen nur f\u00fcr den Urlaub in die USA und ben\u00f6tigen daf\u00fcr nur ein sogenanntes ESTA Visum, welches drei Monate G\u00fcltig ist. Bei mir ist es etwas anderes, da ich f\u00fcr ein Jahr in dem Land leben, studieren und arbeiten werde, ben\u00f6tige ich ein J1-Visum. Dieses habe ich im Frankfurter US-Generalkonsulat beantragt und werde dazu noch in einem Blogeintrag berichten. Weitere Dokumente die ich w\u00e4hrend meines Aufenthalts ben\u00f6tige: In den USA bezahlt man bedeutend mehr mit einer Kreditkarte als mit Bargeld, somit musste ich mich im Vorfeld um eine Kreditkarte k\u00fcmmern. Die wichtigsten Kriterien waren dabei nicht zu hohe Auslandsgeb\u00fchren und keine Geb\u00fchren f\u00fcr Bargeldabhebung. Des Weiteren die Akzeptanz und eventuell ein Versicherungspaket mit inbegriffen. Da ich mich bei verschiedenen Foren erkundigt habe, entschied ich mich f\u00fcr die Kreditkarte der DKB (Deutsche Kredit Bank AG). Die Vorteile: Des Weiteren wollte ich noch eine zweite Kreditkarte als Backup und habe mich nach langem \u00dcberlegen f\u00fcr die American Express Green Card entschieden. Hier habe ich einmal die Vor- und Nachteile der Amex aufgelistet: Vorteile Nachteile Um die 10.000 Membership Rewards Punkte Zu erhalten, kannst du \u00fcber diesen Link deine Amex beantragen: Deine Amex<\/p>\n","protected":false},"author":17,"featured_media":0,"parent":0,"menu_order":0,"comment_status":"closed","ping_status":"closed","template":"","meta":{"_exactmetrics_skip_tracking":false,"_exactmetrics_sitenote_active":false,"_exactmetrics_sitenote_note":"","_exactmetrics_sitenote_category":0,"_themeisle_gutenberg_block_has_review":false,"footnotes":""},"class_list":["post-128","page","type-page","status-publish","hentry"],"yoast_head":"<!-- This site is optimized with the Yoast SEO plugin v24.8.1 - https:\/\/yoast.com\/wordpress\/plugins\/seo\/ -->\n<title>Dokumente und Karten &#8211; Moritz<\/title>\n<meta name=\"description\" content=\"Hier findest du alle Dokumente und Karten die ich mit in die USA genommen habe.\" \/>\n<meta name=\"robots\" content=\"index, follow, max-snippet:-1, max-image-preview:large, max-video-preview:-1\" \/>\n<link rel=\"canonical\" href=\"https:\/\/36ppp.de\/moritz\/dokumente-und-karten\/\" \/>\n<meta property=\"og:locale\" content=\"de_DE\" \/>\n<meta property=\"og:type\" content=\"article\" \/>\n<meta property=\"og:title\" content=\"Dokumente und Karten &#8211; Moritz\" \/>\n<meta property=\"og:description\" content=\"Hier findest du alle Dokumente und Karten die ich mit in die USA genommen habe.\" \/>\n<meta property=\"og:url\" content=\"https:\/\/36ppp.de\/moritz\/dokumente-und-karten\/\" \/>\n<meta property=\"og:site_name\" content=\"Moritz\" \/>\n<meta property=\"article:modified_time\" content=\"2023-07-17T12:18:22+00:00\" \/>\n<meta name=\"twitter:card\" content=\"summary_large_image\" \/>\n<meta name=\"twitter:label1\" content=\"Gesch\u00e4tzte Lesezeit\" \/>\n\t<meta name=\"twitter:data1\" content=\"2\u00a0Minuten\" \/>\n<script type=\"application\/ld+json\" class=\"yoast-schema-graph\">{\"@context\":\"https:\/\/schema.org\",\"@graph\":[{\"@type\":\"WebPage\",\"@id\":\"https:\/\/36ppp.de\/moritz\/dokumente-und-karten\/\",\"url\":\"https:\/\/36ppp.de\/moritz\/dokumente-und-karten\/\",\"name\":\"Dokumente und Karten &#8211; Moritz\",\"isPartOf\":{\"@id\":\"https:\/\/36ppp.de\/moritz\/#website\"},\"datePublished\":\"2019-07-09T11:38:31+00:00\",\"dateModified\":\"2023-07-17T12:18:22+00:00\",\"description\":\"Hier findest du alle Dokumente und Karten die ich mit in die USA genommen habe.\",\"breadcrumb\":{\"@id\":\"https:\/\/36ppp.de\/moritz\/dokumente-und-karten\/#breadcrumb\"},\"inLanguage\":\"de\",\"potentialAction\":[{\"@type\":\"ReadAction\",\"target\":[\"https:\/\/36ppp.de\/moritz\/dokumente-und-karten\/\"]}]},{\"@type\":\"BreadcrumbList\",\"@id\":\"https:\/\/36ppp.de\/moritz\/dokumente-und-karten\/#breadcrumb\",\"itemListElement\":[{\"@type\":\"ListItem\",\"position\":1,\"name\":\"Startseite\",\"item\":\"https:\/\/36ppp.de\/moritz\/\"},{\"@type\":\"ListItem\",\"position\":2,\"name\":\"Dokumente und Karten\"}]},{\"@type\":\"WebSite\",\"@id\":\"https:\/\/36ppp.de\/moritz\/#website\",\"url\":\"https:\/\/36ppp.de\/moritz\/\",\"name\":\"Moritz\",\"description\":\"Blog des 36.PPP\",\"publisher\":{\"@id\":\"https:\/\/36ppp.de\/moritz\/#\/schema\/person\/3004a09b7388b4fdcc8d57a3008946b5\"},\"potentialAction\":[{\"@type\":\"SearchAction\",\"target\":{\"@type\":\"EntryPoint\",\"urlTemplate\":\"https:\/\/36ppp.de\/moritz\/?s={search_term_string}\"},\"query-input\":{\"@type\":\"PropertyValueSpecification\",\"valueRequired\":true,\"valueName\":\"search_term_string\"}}],\"inLanguage\":\"de\"},{\"@type\":[\"Person\",\"Organization\"],\"@id\":\"https:\/\/36ppp.de\/moritz\/#\/schema\/person\/3004a09b7388b4fdcc8d57a3008946b5\",\"name\":\"moritz\",\"image\":{\"@type\":\"ImageObject\",\"inLanguage\":\"de\",\"@id\":\"https:\/\/36ppp.de\/moritz\/#\/schema\/person\/image\/\",\"url\":\"https:\/\/secure.gravatar.com\/avatar\/e795a3aeb269d6fc83b9b00f8831b74dd4d97ecc51631f850dcd0271d9d48da6?s=96&d=mm&r=g\",\"contentUrl\":\"https:\/\/secure.gravatar.com\/avatar\/e795a3aeb269d6fc83b9b00f8831b74dd4d97ecc51631f850dcd0271d9d48da6?s=96&d=mm&r=g\",\"caption\":\"moritz\"},\"logo\":{\"@id\":\"https:\/\/36ppp.de\/moritz\/#\/schema\/person\/image\/\"}}]}<\/script>\n<!-- \/ Yoast SEO plugin. -->","yoast_head_json":{"title":"Dokumente und Karten &#8211; Moritz","description":"Hier findest du alle Dokumente und Karten die ich mit in die USA genommen habe.","robots":{"index":"index","follow":"follow","max-snippet":"max-snippet:-1","max-image-preview":"max-image-preview:large","max-video-preview":"max-video-preview:-1"},"canonical":"https:\/\/36ppp.de\/moritz\/dokumente-und-karten\/","og_locale":"de_DE","og_type":"article","og_title":"Dokumente und Karten &#8211; Moritz","og_description":"Hier findest du alle Dokumente und Karten die ich mit in die USA genommen habe.","og_url":"https:\/\/36ppp.de\/moritz\/dokumente-und-karten\/","og_site_name":"Moritz","article_modified_time":"2023-07-17T12:18:22+00:00","twitter_card":"summary_large_image","twitter_misc":{"Gesch\u00e4tzte Lesezeit":"2\u00a0Minuten"},"schema":{"@context":"https:\/\/schema.org","@graph":[{"@type":"WebPage","@id":"https:\/\/36ppp.de\/moritz\/dokumente-und-karten\/","url":"https:\/\/36ppp.de\/moritz\/dokumente-und-karten\/","name":"Dokumente und Karten &#8211; Moritz","isPartOf":{"@id":"https:\/\/36ppp.de\/moritz\/#website"},"datePublished":"2019-07-09T11:38:31+00:00","dateModified":"2023-07-17T12:18:22+00:00","description":"Hier findest du alle Dokumente und Karten die ich mit in die USA genommen habe.","breadcrumb":{"@id":"https:\/\/36ppp.de\/moritz\/dokumente-und-karten\/#breadcrumb"},"inLanguage":"de","potentialAction":[{"@type":"ReadAction","target":["https:\/\/36ppp.de\/moritz\/dokumente-und-karten\/"]}]},{"@type":"BreadcrumbList","@id":"https:\/\/36ppp.de\/moritz\/dokumente-und-karten\/#breadcrumb","itemListElement":[{"@type":"ListItem","position":1,"name":"Startseite","item":"https:\/\/36ppp.de\/moritz\/"},{"@type":"ListItem","position":2,"name":"Dokumente und Karten"}]},{"@type":"WebSite","@id":"https:\/\/36ppp.de\/moritz\/#website","url":"https:\/\/36ppp.de\/moritz\/","name":"Moritz","description":"Blog des 36.PPP","publisher":{"@id":"https:\/\/36ppp.de\/moritz\/#\/schema\/person\/3004a09b7388b4fdcc8d57a3008946b5"},"potentialAction":[{"@type":"SearchAction","target":{"@type":"EntryPoint","urlTemplate":"https:\/\/36ppp.de\/moritz\/?s={search_term_string}"},"query-input":{"@type":"PropertyValueSpecification","valueRequired":true,"valueName":"search_term_string"}}],"inLanguage":"de"},{"@type":["Person","Organization"],"@id":"https:\/\/36ppp.de\/moritz\/#\/schema\/person\/3004a09b7388b4fdcc8d57a3008946b5","name":"moritz","image":{"@type":"ImageObject","inLanguage":"de","@id":"https:\/\/36ppp.de\/moritz\/#\/schema\/person\/image\/","url":"https:\/\/secure.gravatar.com\/avatar\/e795a3aeb269d6fc83b9b00f8831b74dd4d97ecc51631f850dcd0271d9d48da6?s=96&d=mm&r=g","contentUrl":"https:\/\/secure.gravatar.com\/avatar\/e795a3aeb269d6fc83b9b00f8831b74dd4d97ecc51631f850dcd0271d9d48da6?s=96&d=mm&r=g","caption":"moritz"},"logo":{"@id":"https:\/\/36ppp.de\/moritz\/#\/schema\/person\/image\/"}}]}},"_links":{"self":[{"href":"https:\/\/36ppp.de\/moritz\/wp-json\/wp\/v2\/pages\/128","targetHints":{"allow":["GET"]}}],"collection":[{"href":"https:\/\/36ppp.de\/moritz\/wp-json\/wp\/v2\/pages"}],"about":[{"href":"https:\/\/36ppp.de\/moritz\/wp-json\/wp\/v2\/types\/page"}],"author":[{"embeddable":true,"href":"https:\/\/36ppp.de\/moritz\/wp-json\/wp\/v2\/users\/17"}],"replies":[{"embeddable":true,"href":"https:\/\/36ppp.de\/moritz\/wp-json\/wp\/v2\/comments?post=128"}],"version-history":[{"count":14,"href":"https:\/\/36ppp.de\/moritz\/wp-json\/wp\/v2\/pages\/128\/revisions"}],"predecessor-version":[{"id":922,"href":"https:\/\/36ppp.de\/moritz\/wp-json\/wp\/v2\/pages\/128\/revisions\/922"}],"wp:attachment":[{"href":"https:\/\/36ppp.de\/moritz\/wp-json\/wp\/v2\/media?parent=128"}],"curies":[{"name":"wp","href":"https:\/\/api.w.org\/{rel}","templated":true}]}}