{"id":214,"date":"2019-07-13T17:49:04","date_gmt":"2019-07-13T15:49:04","guid":{"rendered":"http:\/\/36ppp.de\/moritz\/?page_id=214"},"modified":"2023-07-17T14:28:05","modified_gmt":"2023-07-17T12:28:05","slug":"equipment","status":"publish","type":"page","link":"https:\/\/36ppp.de\/moritz\/equipment\/","title":{"rendered":"Equipment"},"content":{"rendered":"\n<p>Circa drei Monate vor Abflug, habe ich angefangen mir Gedanken zu machen, welche Sachen ich noch f\u00fcr das Jahr in den USA brauche. Ich wusste zu dem Zeitpunkt noch nicht, wo ich Platziert werde. Doch allgemeines Equipment kann man unabh\u00e4ngig vom Platzierungsort beschaffen. So suchte ich nach einem neuen Rucksack und einem Koffer. <\/p>\n\n\n\n<p>Die Ressourcen erstreckten sich weiter von TSA Schl\u00f6ssern bis hin zu einem Kulturbeutel. Hier findest du nun also das Equipment, welches ich mit in die USA nehme: <\/p>\n\n\n\n<div class=\"wp-block-columns has-2-columns is-layout-flex wp-container-core-columns-is-layout-9d6595d7 wp-block-columns-is-layout-flex\">\n<div class=\"wp-block-column is-layout-flow wp-block-column-is-layout-flow\">\n<figure class=\"wp-block-image is-resized\"><img loading=\"lazy\" decoding=\"async\" src=\"http:\/\/36ppp.de\/moritz\/wp-content\/uploads\/sites\/15\/2019\/07\/D007016D-B497-4B5C-A6DD-1256DA55DBAD-768x1024.jpeg\" alt=\"\" class=\"wp-image-440\" width=\"203\" height=\"270\" srcset=\"https:\/\/36ppp.de\/moritz\/wp-content\/uploads\/sites\/15\/2019\/07\/D007016D-B497-4B5C-A6DD-1256DA55DBAD-768x1024.jpeg 768w, https:\/\/36ppp.de\/moritz\/wp-content\/uploads\/sites\/15\/2019\/07\/D007016D-B497-4B5C-A6DD-1256DA55DBAD-225x300.jpeg 225w, https:\/\/36ppp.de\/moritz\/wp-content\/uploads\/sites\/15\/2019\/07\/D007016D-B497-4B5C-A6DD-1256DA55DBAD-1140x1520.jpeg 1140w\" sizes=\"auto, (max-width: 203px) 100vw, 203px\" \/><\/figure>\n<\/div>\n\n\n\n<div class=\"wp-block-column is-layout-flow wp-block-column-is-layout-flow\">\n<p><strong>Der Koffer<\/strong> ist ein Samsonite in Blau und wurde in Leer bei <a href=\"https:\/\/www.enno-hinrichs.de\/\">Enno Hinrichs<\/a> gekauft, einem hiesigen Fachgesch\u00e4ft f\u00fcr Reisegep\u00e4ck. Dieser Koffer hat die maximal zusammengerechneten Ma\u00dfe HxBxT von 157cm, die ich maximal als Gep\u00e4ck f\u00fcr die USA bei der Airline aufgeben darf. Somit kann ich die 23Kg, die ich mitnehmen darf auch gut aussch\u00f6pfen<\/p>\n<\/div>\n<\/div>\n\n\n\n<div class=\"wp-block-columns has-2-columns is-layout-flex wp-container-core-columns-is-layout-9d6595d7 wp-block-columns-is-layout-flex\">\n<div class=\"wp-block-column is-layout-flow wp-block-column-is-layout-flow\">\n<hr class=\"wp-block-separator has-css-opacity\" \/>\n\n\n\n<a target=\"_blank\" href=\"https:\/\/www.amazon.de\/gp\/product\/B01B4SU91G\/ref=as_li_tl?ie=UTF8&amp;camp=1638&amp;creative=6742&amp;creativeASIN=B01B4SU91G&amp;linkCode=as2&amp;tag=moritzrmn0c-21&amp;linkId=b64d660eb260d0b3ca76ee0a0c0cdfea\" rel=\"noopener noreferrer\"><img decoding=\"async\" border=\"0\" src=\"\/\/ws-eu.amazon-adsystem.com\/widgets\/q?_encoding=UTF8&amp;MarketPlace=DE&amp;ASIN=B01B4SU91G&amp;ServiceVersion=20070822&amp;ID=AsinImage&amp;WS=1&amp;Format=_SL160_&amp;tag=moritzrmn0c-21\"><\/a><img loading=\"lazy\" decoding=\"async\" src=\"\/\/ir-de.amazon-adsystem.com\/e\/ir?t=moritzrmn0c-21&amp;l=am2&amp;o=3&amp;a=B01B4SU91G\" width=\"1\" height=\"1\" border=\"0\" alt=\"\" style=\"border:none !important;margin:0px !important\">\n\n\n\n<p><a href=\"https:\/\/amzn.to\/32qBFJa\" target=\"_blank\" rel=\"noreferrer noopener\">Bei Amazon kaufen<\/a><\/p>\n<\/div>\n\n\n\n<div class=\"wp-block-column is-layout-flow wp-block-column-is-layout-flow\">\n<hr class=\"wp-block-separator has-css-opacity is-style-default\" \/>\n\n\n\n<p><strong>Das Handgep\u00e4ckst\u00fcck<\/strong> wurde von mir bei Amazon gekauft und ist in der Farbe Grau schlicht gehalten. Der Vorteil bei diesem Koffer ist, dass auch dieser von den meisten Airline von den Ma\u00dfen her genehmigt ist und relativ leicht ist. <\/p>\n\n\n\n<p>Update: Mittlerweile nutze ich einen <a href=\"https:\/\/www.samsonite.de\/proxis-spinner-expandable-length-35cm-55cm--petrol-blau\/140087-1686.html\" target=\"_blank\" rel=\"noreferrer noopener\">Samsonite Handgep\u00e4ckoffer<\/a>. Dieser hat die Ma\u00dfe 55 x 35 x 23\/26 cm.<\/p>\n<\/div>\n<\/div>\n\n\n\n<div class=\"wp-block-columns has-2-columns is-layout-flex wp-container-core-columns-is-layout-9d6595d7 wp-block-columns-is-layout-flex\">\n<div class=\"wp-block-column is-layout-flow wp-block-column-is-layout-flow\">\n<hr class=\"wp-block-separator has-css-opacity\" \/>\n\n\n\n<a href=\"https:\/\/www.amazon.de\/Eastpak-Provider-Rucksack-Grau-Sunday\/dp\/B003PPCZT6?__mk_de_DE=%C3%85M%C3%85%C5%BD%C3%95%C3%91&amp;crid=22A20BHU9NUD3&amp;keywords=eastpak+rucksack&amp;qid=1689596743&amp;s=sports&amp;sprefix=eastpak+rucksack%2Csports%2C105&amp;sr=1-11&amp;linkCode=li2&amp;tag=moritzrmn02-21&amp;linkId=d6448be0aa4a491c6c59b18d5e4d0578&amp;language=de_DE&amp;ref_=as_li_ss_il\" target=\"_blank\" rel=\"noopener\"><img decoding=\"async\" border=\"0\" src=\"\/\/ws-eu.amazon-adsystem.com\/widgets\/q?_encoding=UTF8&amp;ASIN=B003PPCZT6&amp;Format=_SL160_&amp;ID=AsinImage&amp;MarketPlace=DE&amp;ServiceVersion=20070822&amp;WS=1&amp;tag=moritzrmn02-21&amp;language=de_DE\"><\/a><img loading=\"lazy\" decoding=\"async\" src=\"https:\/\/ir-de.amazon-adsystem.com\/e\/ir?t=moritzrmn02-21&amp;language=de_DE&amp;l=li2&amp;o=3&amp;a=B003PPCZT6\" width=\"1\" height=\"1\" border=\"0\" alt=\"\" style=\"border:none !important;margin:0px !important\" \/>\n\n\n\n<p><a href=\"https:\/\/amzn.to\/3K1TplH\" target=\"_blank\" rel=\"noreferrer noopener\">Bei Amazon kaufen<\/a><\/p>\n<\/div>\n\n\n\n<div class=\"wp-block-column is-layout-flow wp-block-column-is-layout-flow\">\n<hr class=\"wp-block-separator has-css-opacity\" \/>\n\n\n\n<p><strong>Der Rucksack<\/strong> wurde von mir in einem hellen Grauton der Firma Eastpak gew\u00e4hlt. Viele F\u00e4cher dienen zur Unterbringung des iPads, der Kabel, der Powerbank, der Brotdose und vieles mehr. So herrscht trotz der vielen Dinge auch im Rucksack Ordnung. Ich habe euch diesen auch einmal verlinkt. <\/p>\n<\/div>\n<\/div>\n\n\n\n<div class=\"wp-block-columns has-2-columns is-layout-flex wp-container-core-columns-is-layout-9d6595d7 wp-block-columns-is-layout-flex\">\n<div class=\"wp-block-column is-layout-flow wp-block-column-is-layout-flow\">\n<hr class=\"wp-block-separator has-css-opacity\" \/>\n\n\n\n<a href=\"https:\/\/www.amazon.de\/dp\/B08JR1GYX4?_encoding=UTF8&amp;psc=1&amp;linkCode=li2&amp;tag=moritzrmn02-21&amp;linkId=1700f92047af0a1d5d9822003e29f421&amp;language=de_DE&amp;ref_=as_li_ss_il\" target=\"_blank\" rel=\"noopener\"><img decoding=\"async\" border=\"0\" src=\"\/\/ws-eu.amazon-adsystem.com\/widgets\/q?_encoding=UTF8&amp;ASIN=B08JR1GYX4&amp;Format=_SL160_&amp;ID=AsinImage&amp;MarketPlace=DE&amp;ServiceVersion=20070822&amp;WS=1&amp;tag=moritzrmn02-21&amp;language=de_DE\"><\/a><img loading=\"lazy\" decoding=\"async\" src=\"https:\/\/ir-de.amazon-adsystem.com\/e\/ir?t=moritzrmn02-21&amp;language=de_DE&amp;l=li2&amp;o=3&amp;a=B08JR1GYX4\" width=\"1\" height=\"1\" border=\"0\" alt=\"\" style=\"border:none !important;margin:0px !important\" \/>\n\n\n\n<p><a href=\"https:\/\/amzn.to\/3DigxZm\" target=\"_blank\" rel=\"noreferrer noopener\">Bei Amazon kaufen<\/a><\/p>\n<\/div>\n\n\n\n<div class=\"wp-block-column is-layout-flow wp-block-column-is-layout-flow\">\n<hr class=\"wp-block-separator has-css-opacity\" \/>\n\n\n\n<p><strong>Der Kulturbeutel<\/strong> von Deuter ist relativ schlicht in schwarz gehalten aber er erf\u00fcllt seinen Zweck. Ich bekomme von Duschgel bis Zahnpasta und Deo alles unter. Die Aufteilung gef\u00e4llt mir innen sehr gut, zwei Taschen mit Rei\u00dfverschl\u00fcssen und mehrere Netze f\u00fcr Deo, Zahnpasta und Zahnb\u00fcrste. <\/p>\n<\/div>\n<\/div>\n\n\n\n<hr class=\"wp-block-separator has-css-opacity is-style-wide\" \/>\n\n\n\n<p class=\"has-medium-font-size\"><span style=\"text-decoration: underline\">Nun folgt noch eine Liste mit diversen Kleinigkeiten:<\/span><\/p>\n\n\n\n<ul class=\"wp-block-list\">\n<li><a href=\"https:\/\/amzn.to\/44Nf3BT\" target=\"_blank\" rel=\"noreferrer noopener\">Zwei TSA Zahlenschl\u00f6sser<\/a><\/li>\n\n\n\n<li><a href=\"https:\/\/amzn.to\/3pZwWyB\" target=\"_blank\" rel=\"noreferrer noopener\">AirPods H\u00fclle<\/a><\/li>\n\n\n\n<li><a href=\"https:\/\/amzn.to\/3iQkAld\" target=\"_blank\" rel=\"noreferrer noopener\">Reisepass H\u00fclle<\/a><\/li>\n\n\n\n<li><a href=\"https:\/\/amzn.to\/32qOqU4\" target=\"_blank\" rel=\"noreferrer noopener\">Kartenetui<\/a> <\/li>\n\n\n\n<li><a href=\"https:\/\/amzn.to\/3pWsmRF\" target=\"_blank\" rel=\"noreferrer noopener\">Micro SD Card<\/a><\/li>\n<\/ul>\n\n\n\n<p class=\"has-medium-font-size\">Hygiene Artikel <\/p>\n\n\n\n<ul class=\"wp-block-list\">\n<li><a href=\"https:\/\/amzn.to\/3uH1ELi\" target=\"_blank\" rel=\"noreferrer noopener\">Elektrischer Rasierer<\/a><\/li>\n\n\n\n<li>Nass Rasierer &amp; Rasierschaum<\/li>\n\n\n\n<li><a href=\"https:\/\/amzn.to\/3LzFBx3\" target=\"_blank\" rel=\"noreferrer noopener\">Zahnb\u00fcrste<\/a> &amp; Zahnpasta<\/li>\n\n\n\n<li>Deo <\/li>\n\n\n\n<li>Duschgel<\/li>\n\n\n\n<li>Haargel<\/li>\n\n\n\n<li><a href=\"https:\/\/amzn.to\/3JW9kj7\" target=\"_blank\" rel=\"noreferrer noopener\">Pinzette, Nagelkneifer &amp; Nagelschere<\/a><\/li>\n<\/ul>\n\n\n\n<p><\/p>\n<div class=\"shariff\" data-services=\"facebook\" data-url=\"https%3A%2F%2F36ppp.de%2Fmoritz%2Fequipment%2F\" data-timestamp=\"1689604085\" data-backendurl=\"https:\/\/36ppp.de\/moritz\/wp-json\/shariff\/v1\/share_counts?\"><ul class=\"shariff-buttons theme-default orientation-horizontal buttonsize-medium\"><li class=\"shariff-button facebook shariff-nocustomcolor\" style=\"background-color:#4273c8\"><a href=\"https:\/\/www.facebook.com\/sharer\/sharer.php?u=https%3A%2F%2F36ppp.de%2Fmoritz%2Fequipment%2F\" title=\"Bei Facebook teilen\" aria-label=\"Bei Facebook teilen\" role=\"button\" rel=\"nofollow\" class=\"shariff-link\" style=\"; background-color:#3b5998; color:#fff\" target=\"_blank\"><span class=\"shariff-icon\" style=\"\"><svg width=\"32px\" height=\"20px\" xmlns=\"http:\/\/www.w3.org\/2000\/svg\" viewBox=\"0 0 18 32\"><path fill=\"#3b5998\" d=\"M17.1 0.2v4.7h-2.8q-1.5 0-2.1 0.6t-0.5 1.9v3.4h5.2l-0.7 5.3h-4.5v13.6h-5.5v-13.6h-4.5v-5.3h4.5v-3.9q0-3.3 1.9-5.2t5-1.8q2.6 0 4.1 0.2z\"\/><\/svg><\/span><span class=\"shariff-text\">teilen<\/span>&nbsp;<\/a><\/li><li class=\"shariff-button mailto shariff-nocustomcolor\" style=\"background-color:#a8a8a8\"><a href=\"mailto:?body=https%3A%2F%2F36ppp.de%2Fmoritz%2Fequipment%2F&subject=Equipment\" title=\"Per E-Mail versenden\" aria-label=\"Per E-Mail versenden\" role=\"button\" rel=\"noopener nofollow\" class=\"shariff-link\" style=\"; background-color:#999; color:#fff\"><span class=\"shariff-icon\" style=\"\"><svg width=\"32px\" height=\"20px\" xmlns=\"http:\/\/www.w3.org\/2000\/svg\" viewBox=\"0 0 32 32\"><path fill=\"#999\" d=\"M32 12.7v14.2q0 1.2-0.8 2t-2 0.9h-26.3q-1.2 0-2-0.9t-0.8-2v-14.2q0.8 0.9 1.8 1.6 6.5 4.4 8.9 6.1 1 0.8 1.6 1.2t1.7 0.9 2 0.4h0.1q0.9 0 2-0.4t1.7-0.9 1.6-1.2q3-2.2 8.9-6.1 1-0.7 1.8-1.6zM32 7.4q0 1.4-0.9 2.7t-2.2 2.2q-6.7 4.7-8.4 5.8-0.2 0.1-0.7 0.5t-1 0.7-0.9 0.6-1.1 0.5-0.9 0.2h-0.1q-0.4 0-0.9-0.2t-1.1-0.5-0.9-0.6-1-0.7-0.7-0.5q-1.6-1.1-4.7-3.2t-3.6-2.6q-1.1-0.7-2.1-2t-1-2.5q0-1.4 0.7-2.3t2.1-0.9h26.3q1.2 0 2 0.8t0.9 2z\"\/><\/svg><\/span><span class=\"shariff-text\">E-Mail<\/span>&nbsp;<\/a><\/li><li class=\"shariff-button whatsapp shariff-nocustomcolor\" style=\"background-color:#5cbe4a\"><a href=\"https:\/\/api.whatsapp.com\/send?text=https%3A%2F%2F36ppp.de%2Fmoritz%2Fequipment%2F%20Equipment\" title=\"Bei Whatsapp teilen\" aria-label=\"Bei Whatsapp teilen\" role=\"button\" rel=\"noopener nofollow\" class=\"shariff-link\" style=\"; background-color:#34af23; color:#fff\" target=\"_blank\"><span class=\"shariff-icon\" style=\"\"><svg width=\"32px\" height=\"20px\" xmlns=\"http:\/\/www.w3.org\/2000\/svg\" viewBox=\"0 0 32 32\"><path fill=\"#34af23\" d=\"M17.6 17.4q0.2 0 1.7 0.8t1.6 0.9q0 0.1 0 0.3 0 0.6-0.3 1.4-0.3 0.7-1.3 1.2t-1.8 0.5q-1 0-3.4-1.1-1.7-0.8-3-2.1t-2.6-3.3q-1.3-1.9-1.3-3.5v-0.1q0.1-1.6 1.3-2.8 0.4-0.4 0.9-0.4 0.1 0 0.3 0t0.3 0q0.3 0 0.5 0.1t0.3 0.5q0.1 0.4 0.6 1.6t0.4 1.3q0 0.4-0.6 1t-0.6 0.8q0 0.1 0.1 0.3 0.6 1.3 1.8 2.4 1 0.9 2.7 1.8 0.2 0.1 0.4 0.1 0.3 0 1-0.9t0.9-0.9zM14 26.9q2.3 0 4.3-0.9t3.6-2.4 2.4-3.6 0.9-4.3-0.9-4.3-2.4-3.6-3.6-2.4-4.3-0.9-4.3 0.9-3.6 2.4-2.4 3.6-0.9 4.3q0 3.6 2.1 6.6l-1.4 4.2 4.3-1.4q2.8 1.9 6.2 1.9zM14 2.2q2.7 0 5.2 1.1t4.3 2.9 2.9 4.3 1.1 5.2-1.1 5.2-2.9 4.3-4.3 2.9-5.2 1.1q-3.5 0-6.5-1.7l-7.4 2.4 2.4-7.2q-1.9-3.2-1.9-6.9 0-2.7 1.1-5.2t2.9-4.3 4.3-2.9 5.2-1.1z\"\/><\/svg><\/span><span class=\"shariff-text\">teilen<\/span>&nbsp;<\/a><\/li><li class=\"shariff-button sms shariff-nocustomcolor shariff-mobile\" style=\"background-color:#d7d9d8\"><a href=\"sms:?&body=https%3A%2F%2F36ppp.de%2Fmoritz%2Fequipment%2F\" title=\"Per SMS teilen\" aria-label=\"Per SMS teilen\" role=\"button\" rel=\"noopener nofollow\" class=\"shariff-link\" style=\"; background-color:#a1e877; color:#fff\" target=\"_blank\"><span class=\"shariff-icon\" style=\"\"><svg xmlns=\"http:\/\/www.w3.org\/2000\/svg\" width=\"510\" height=\"510\" viewBox=\"0 0 510 510\"><path fill=\"#a1e877\" d=\"M459 0H51C23 0 0 23 0 51v459l102-102h357c28.1 0 51-22.9 51-51V51C510 23 487.1 0 459 0zM178.5 229.5h-51v-51h51V229.5zM280.5 229.5h-51v-51h51V229.5zM382.5 229.5h-51v-51h51V229.5z\"\/><\/svg><\/span><span class=\"shariff-text\">teilen<\/span>&nbsp;<\/a><\/li><li class=\"shariff-button twitter shariff-nocustomcolor\" style=\"background-color:#595959\"><a href=\"https:\/\/twitter.com\/share?url=https%3A%2F%2F36ppp.de%2Fmoritz%2Fequipment%2F&text=Equipment\" title=\"Bei X teilen\" aria-label=\"Bei X teilen\" role=\"button\" rel=\"noopener nofollow\" class=\"shariff-link\" style=\"; background-color:#000; color:#fff\" target=\"_blank\"><span class=\"shariff-icon\" style=\"\"><svg width=\"32px\" height=\"20px\" xmlns=\"http:\/\/www.w3.org\/2000\/svg\" viewBox=\"0 0 24 24\"><path fill=\"#000\" d=\"M14.258 10.152L23.176 0h-2.113l-7.747 8.813L7.133 0H0l9.352 13.328L0 23.973h2.113l8.176-9.309 6.531 9.309h7.133zm-2.895 3.293l-.949-1.328L2.875 1.56h3.246l6.086 8.523.945 1.328 7.91 11.078h-3.246zm0 0\"\/><\/svg><\/span><span class=\"shariff-text\">teilen<\/span>&nbsp;<\/a><\/li><\/ul><\/div>","protected":false},"excerpt":{"rendered":"<p>Circa drei Monate vor Abflug, habe ich angefangen mir Gedanken zu machen, welche Sachen ich noch f\u00fcr das Jahr in den USA brauche. Ich wusste zu dem Zeitpunkt noch nicht, wo ich Platziert werde. Doch allgemeines Equipment kann man unabh\u00e4ngig vom Platzierungsort beschaffen. So suchte ich nach einem neuen Rucksack und einem Koffer. Die Ressourcen erstreckten sich weiter von TSA Schl\u00f6ssern bis hin zu einem Kulturbeutel. Hier findest du nun also das Equipment, welches ich mit in die USA nehme: Der Koffer ist ein Samsonite in Blau und wurde in Leer bei Enno Hinrichs gekauft, einem hiesigen Fachgesch\u00e4ft f\u00fcr Reisegep\u00e4ck. Dieser Koffer hat die maximal zusammengerechneten Ma\u00dfe HxBxT von 157cm, die ich maximal als Gep\u00e4ck f\u00fcr die USA bei der Airline aufgeben darf. Somit kann ich die 23Kg, die ich mitnehmen darf auch gut aussch\u00f6pfen Bei Amazon kaufen Das Handgep\u00e4ckst\u00fcck wurde von mir bei Amazon gekauft und ist in der Farbe Grau schlicht gehalten. Der Vorteil bei diesem Koffer ist, dass auch dieser von den meisten Airline von den Ma\u00dfen her genehmigt ist und relativ leicht ist. Update: Mittlerweile nutze ich einen Samsonite Handgep\u00e4ckoffer. Dieser hat die Ma\u00dfe 55 x 35 x 23\/26 cm. Bei Amazon kaufen Der Rucksack wurde von mir in einem hellen Grauton der Firma Eastpak gew\u00e4hlt. Viele F\u00e4cher dienen zur Unterbringung des iPads, der Kabel, der Powerbank, der Brotdose und vieles mehr. So herrscht trotz der vielen Dinge auch im Rucksack Ordnung. Ich habe euch diesen auch einmal verlinkt. Bei Amazon kaufen Der Kulturbeutel von Deuter ist relativ schlicht in schwarz gehalten aber er erf\u00fcllt seinen Zweck. Ich bekomme von Duschgel bis Zahnpasta und Deo alles unter. Die Aufteilung gef\u00e4llt mir innen sehr gut, zwei Taschen mit Rei\u00dfverschl\u00fcssen und mehrere Netze f\u00fcr Deo, Zahnpasta und Zahnb\u00fcrste. Nun folgt noch eine Liste mit diversen Kleinigkeiten: Hygiene Artikel<\/p>\n","protected":false},"author":17,"featured_media":0,"parent":0,"menu_order":0,"comment_status":"closed","ping_status":"closed","template":"","meta":{"_exactmetrics_skip_tracking":false,"_exactmetrics_sitenote_active":false,"_exactmetrics_sitenote_note":"","_exactmetrics_sitenote_category":0,"_themeisle_gutenberg_block_has_review":false,"footnotes":""},"class_list":["post-214","page","type-page","status-publish","hentry"],"yoast_head":"<!-- This site is optimized with the Yoast SEO plugin v24.8.1 - https:\/\/yoast.com\/wordpress\/plugins\/seo\/ -->\n<title>Equipment &#8211; Moritz<\/title>\n<meta name=\"description\" content=\"Hier findest du mein Equipment f\u00fcr meine Reise in die USA. Von Koffer \u00fcber Rucksack bis hin zum Kulturbeutel. Die wichtigsten Ressourcen!\" \/>\n<meta name=\"robots\" content=\"index, follow, max-snippet:-1, max-image-preview:large, max-video-preview:-1\" \/>\n<link rel=\"canonical\" href=\"https:\/\/36ppp.de\/moritz\/equipment\/\" \/>\n<meta property=\"og:locale\" content=\"de_DE\" \/>\n<meta property=\"og:type\" content=\"article\" \/>\n<meta property=\"og:title\" content=\"Equipment &#8211; Moritz\" \/>\n<meta property=\"og:description\" content=\"Hier findest du mein Equipment f\u00fcr meine Reise in die USA. Von Koffer \u00fcber Rucksack bis hin zum Kulturbeutel. Die wichtigsten Ressourcen!\" \/>\n<meta property=\"og:url\" content=\"https:\/\/36ppp.de\/moritz\/equipment\/\" \/>\n<meta property=\"og:site_name\" content=\"Moritz\" \/>\n<meta property=\"article:modified_time\" content=\"2023-07-17T12:28:05+00:00\" \/>\n<meta property=\"og:image\" content=\"http:\/\/36ppp.de\/moritz\/wp-content\/uploads\/sites\/15\/2019\/07\/D007016D-B497-4B5C-A6DD-1256DA55DBAD-768x1024.jpeg\" \/>\n<meta name=\"twitter:card\" content=\"summary_large_image\" \/>\n<meta name=\"twitter:label1\" content=\"Gesch\u00e4tzte Lesezeit\" \/>\n\t<meta name=\"twitter:data1\" content=\"4\u00a0Minuten\" \/>\n<script type=\"application\/ld+json\" class=\"yoast-schema-graph\">{\"@context\":\"https:\/\/schema.org\",\"@graph\":[{\"@type\":\"WebPage\",\"@id\":\"https:\/\/36ppp.de\/moritz\/equipment\/\",\"url\":\"https:\/\/36ppp.de\/moritz\/equipment\/\",\"name\":\"Equipment &#8211; Moritz\",\"isPartOf\":{\"@id\":\"https:\/\/36ppp.de\/moritz\/#website\"},\"primaryImageOfPage\":{\"@id\":\"https:\/\/36ppp.de\/moritz\/equipment\/#primaryimage\"},\"image\":{\"@id\":\"https:\/\/36ppp.de\/moritz\/equipment\/#primaryimage\"},\"thumbnailUrl\":\"http:\/\/36ppp.de\/moritz\/wp-content\/uploads\/sites\/15\/2019\/07\/D007016D-B497-4B5C-A6DD-1256DA55DBAD-768x1024.jpeg\",\"datePublished\":\"2019-07-13T15:49:04+00:00\",\"dateModified\":\"2023-07-17T12:28:05+00:00\",\"description\":\"Hier findest du mein Equipment f\u00fcr meine Reise in die USA. Von Koffer \u00fcber Rucksack bis hin zum Kulturbeutel. Die wichtigsten Ressourcen!\",\"breadcrumb\":{\"@id\":\"https:\/\/36ppp.de\/moritz\/equipment\/#breadcrumb\"},\"inLanguage\":\"de\",\"potentialAction\":[{\"@type\":\"ReadAction\",\"target\":[\"https:\/\/36ppp.de\/moritz\/equipment\/\"]}]},{\"@type\":\"ImageObject\",\"inLanguage\":\"de\",\"@id\":\"https:\/\/36ppp.de\/moritz\/equipment\/#primaryimage\",\"url\":\"https:\/\/36ppp.de\/moritz\/wp-content\/uploads\/sites\/15\/2019\/07\/D007016D-B497-4B5C-A6DD-1256DA55DBAD.jpeg\",\"contentUrl\":\"https:\/\/36ppp.de\/moritz\/wp-content\/uploads\/sites\/15\/2019\/07\/D007016D-B497-4B5C-A6DD-1256DA55DBAD.jpeg\",\"width\":2673,\"height\":3564},{\"@type\":\"BreadcrumbList\",\"@id\":\"https:\/\/36ppp.de\/moritz\/equipment\/#breadcrumb\",\"itemListElement\":[{\"@type\":\"ListItem\",\"position\":1,\"name\":\"Startseite\",\"item\":\"https:\/\/36ppp.de\/moritz\/\"},{\"@type\":\"ListItem\",\"position\":2,\"name\":\"Equipment\"}]},{\"@type\":\"WebSite\",\"@id\":\"https:\/\/36ppp.de\/moritz\/#website\",\"url\":\"https:\/\/36ppp.de\/moritz\/\",\"name\":\"Moritz\",\"description\":\"Blog des 36.PPP\",\"publisher\":{\"@id\":\"https:\/\/36ppp.de\/moritz\/#\/schema\/person\/3004a09b7388b4fdcc8d57a3008946b5\"},\"potentialAction\":[{\"@type\":\"SearchAction\",\"target\":{\"@type\":\"EntryPoint\",\"urlTemplate\":\"https:\/\/36ppp.de\/moritz\/?s={search_term_string}\"},\"query-input\":{\"@type\":\"PropertyValueSpecification\",\"valueRequired\":true,\"valueName\":\"search_term_string\"}}],\"inLanguage\":\"de\"},{\"@type\":[\"Person\",\"Organization\"],\"@id\":\"https:\/\/36ppp.de\/moritz\/#\/schema\/person\/3004a09b7388b4fdcc8d57a3008946b5\",\"name\":\"moritz\",\"image\":{\"@type\":\"ImageObject\",\"inLanguage\":\"de\",\"@id\":\"https:\/\/36ppp.de\/moritz\/#\/schema\/person\/image\/\",\"url\":\"https:\/\/secure.gravatar.com\/avatar\/e795a3aeb269d6fc83b9b00f8831b74dd4d97ecc51631f850dcd0271d9d48da6?s=96&d=mm&r=g\",\"contentUrl\":\"https:\/\/secure.gravatar.com\/avatar\/e795a3aeb269d6fc83b9b00f8831b74dd4d97ecc51631f850dcd0271d9d48da6?s=96&d=mm&r=g\",\"caption\":\"moritz\"},\"logo\":{\"@id\":\"https:\/\/36ppp.de\/moritz\/#\/schema\/person\/image\/\"}}]}<\/script>\n<!-- \/ Yoast SEO plugin. -->","yoast_head_json":{"title":"Equipment &#8211; Moritz","description":"Hier findest du mein Equipment f\u00fcr meine Reise in die USA. Von Koffer \u00fcber Rucksack bis hin zum Kulturbeutel. Die wichtigsten Ressourcen!","robots":{"index":"index","follow":"follow","max-snippet":"max-snippet:-1","max-image-preview":"max-image-preview:large","max-video-preview":"max-video-preview:-1"},"canonical":"https:\/\/36ppp.de\/moritz\/equipment\/","og_locale":"de_DE","og_type":"article","og_title":"Equipment &#8211; Moritz","og_description":"Hier findest du mein Equipment f\u00fcr meine Reise in die USA. Von Koffer \u00fcber Rucksack bis hin zum Kulturbeutel. Die wichtigsten Ressourcen!","og_url":"https:\/\/36ppp.de\/moritz\/equipment\/","og_site_name":"Moritz","article_modified_time":"2023-07-17T12:28:05+00:00","og_image":[{"url":"http:\/\/36ppp.de\/moritz\/wp-content\/uploads\/sites\/15\/2019\/07\/D007016D-B497-4B5C-A6DD-1256DA55DBAD-768x1024.jpeg","type":"","width":"","height":""}],"twitter_card":"summary_large_image","twitter_misc":{"Gesch\u00e4tzte Lesezeit":"4\u00a0Minuten"},"schema":{"@context":"https:\/\/schema.org","@graph":[{"@type":"WebPage","@id":"https:\/\/36ppp.de\/moritz\/equipment\/","url":"https:\/\/36ppp.de\/moritz\/equipment\/","name":"Equipment &#8211; Moritz","isPartOf":{"@id":"https:\/\/36ppp.de\/moritz\/#website"},"primaryImageOfPage":{"@id":"https:\/\/36ppp.de\/moritz\/equipment\/#primaryimage"},"image":{"@id":"https:\/\/36ppp.de\/moritz\/equipment\/#primaryimage"},"thumbnailUrl":"http:\/\/36ppp.de\/moritz\/wp-content\/uploads\/sites\/15\/2019\/07\/D007016D-B497-4B5C-A6DD-1256DA55DBAD-768x1024.jpeg","datePublished":"2019-07-13T15:49:04+00:00","dateModified":"2023-07-17T12:28:05+00:00","description":"Hier findest du mein Equipment f\u00fcr meine Reise in die USA. Von Koffer \u00fcber Rucksack bis hin zum Kulturbeutel. Die wichtigsten Ressourcen!","breadcrumb":{"@id":"https:\/\/36ppp.de\/moritz\/equipment\/#breadcrumb"},"inLanguage":"de","potentialAction":[{"@type":"ReadAction","target":["https:\/\/36ppp.de\/moritz\/equipment\/"]}]},{"@type":"ImageObject","inLanguage":"de","@id":"https:\/\/36ppp.de\/moritz\/equipment\/#primaryimage","url":"https:\/\/36ppp.de\/moritz\/wp-content\/uploads\/sites\/15\/2019\/07\/D007016D-B497-4B5C-A6DD-1256DA55DBAD.jpeg","contentUrl":"https:\/\/36ppp.de\/moritz\/wp-content\/uploads\/sites\/15\/2019\/07\/D007016D-B497-4B5C-A6DD-1256DA55DBAD.jpeg","width":2673,"height":3564},{"@type":"BreadcrumbList","@id":"https:\/\/36ppp.de\/moritz\/equipment\/#breadcrumb","itemListElement":[{"@type":"ListItem","position":1,"name":"Startseite","item":"https:\/\/36ppp.de\/moritz\/"},{"@type":"ListItem","position":2,"name":"Equipment"}]},{"@type":"WebSite","@id":"https:\/\/36ppp.de\/moritz\/#website","url":"https:\/\/36ppp.de\/moritz\/","name":"Moritz","description":"Blog des 36.PPP","publisher":{"@id":"https:\/\/36ppp.de\/moritz\/#\/schema\/person\/3004a09b7388b4fdcc8d57a3008946b5"},"potentialAction":[{"@type":"SearchAction","target":{"@type":"EntryPoint","urlTemplate":"https:\/\/36ppp.de\/moritz\/?s={search_term_string}"},"query-input":{"@type":"PropertyValueSpecification","valueRequired":true,"valueName":"search_term_string"}}],"inLanguage":"de"},{"@type":["Person","Organization"],"@id":"https:\/\/36ppp.de\/moritz\/#\/schema\/person\/3004a09b7388b4fdcc8d57a3008946b5","name":"moritz","image":{"@type":"ImageObject","inLanguage":"de","@id":"https:\/\/36ppp.de\/moritz\/#\/schema\/person\/image\/","url":"https:\/\/secure.gravatar.com\/avatar\/e795a3aeb269d6fc83b9b00f8831b74dd4d97ecc51631f850dcd0271d9d48da6?s=96&d=mm&r=g","contentUrl":"https:\/\/secure.gravatar.com\/avatar\/e795a3aeb269d6fc83b9b00f8831b74dd4d97ecc51631f850dcd0271d9d48da6?s=96&d=mm&r=g","caption":"moritz"},"logo":{"@id":"https:\/\/36ppp.de\/moritz\/#\/schema\/person\/image\/"}}]}},"_links":{"self":[{"href":"https:\/\/36ppp.de\/moritz\/wp-json\/wp\/v2\/pages\/214","targetHints":{"allow":["GET"]}}],"collection":[{"href":"https:\/\/36ppp.de\/moritz\/wp-json\/wp\/v2\/pages"}],"about":[{"href":"https:\/\/36ppp.de\/moritz\/wp-json\/wp\/v2\/types\/page"}],"author":[{"embeddable":true,"href":"https:\/\/36ppp.de\/moritz\/wp-json\/wp\/v2\/users\/17"}],"replies":[{"embeddable":true,"href":"https:\/\/36ppp.de\/moritz\/wp-json\/wp\/v2\/comments?post=214"}],"version-history":[{"count":25,"href":"https:\/\/36ppp.de\/moritz\/wp-json\/wp\/v2\/pages\/214\/revisions"}],"predecessor-version":[{"id":927,"href":"https:\/\/36ppp.de\/moritz\/wp-json\/wp\/v2\/pages\/214\/revisions\/927"}],"wp:attachment":[{"href":"https:\/\/36ppp.de\/moritz\/wp-json\/wp\/v2\/media?parent=214"}],"curies":[{"name":"wp","href":"https:\/\/api.w.org\/{rel}","templated":true}]}}