{"id":271,"date":"2019-07-13T13:33:28","date_gmt":"2019-07-13T11:33:28","guid":{"rendered":"http:\/\/36ppp.de\/moritz\/?page_id=271"},"modified":"2019-07-15T18:15:33","modified_gmt":"2019-07-15T16:15:33","slug":"meine-bewerbung-und-das-auswahlverfahren","status":"publish","type":"page","link":"https:\/\/36ppp.de\/moritz\/meine-bewerbung-und-das-auswahlverfahren\/","title":{"rendered":"Meine Bewerbung und das Auswahlverfahren"},"content":{"rendered":"\n<p style=\"background-color:#ffffff\" class=\"has-background\">Zuallererst fing es damit an, dass ich schon fr\u00fcher ins Ausland wollte, doch der Zeitpunkt irgendwie nie passte. Nach dem meine j\u00fcngere Schwester Lina von August 2017 bis Juni 2018 in den USA war, entschloss ich mich auch dazu. So bewarb ich mich beim <a href=\"https:\/\/www.bundestag.de\/ppp\">Parlamentarischen Patenschafts Programm<\/a> f\u00fcr junge Berufst\u00e4tige. <\/p>\n\n\n\n<p style=\"background-color:#f0fbff\" class=\"has-background\">Ich forderte die Bewerbungsunterlagen an und begann diese Auszuf\u00fcllen. Es ist eine ziemlich ausf\u00fchrliche Bewerbung mit verschiedenen Fragen, diese schickte ich dann per Post im September 2018 weg. Dann erhielt ich v\u00f6llig \u00fcberraschend im Oktober eine Einladung nach Bonn zur Auswahltagung bei der Deutschen Gesellschaft f\u00fcr Internationale Zusammenarbeit, kurz <a href=\"https:\/\/www.giz.de\/de\/html\/index.html\">GIZ<\/a>.<\/p>\n\n\n\n<p style=\"background-color:#ffffff\" class=\"has-background\">Am 24.Oktober 2018 war es dann soweit, die Auswahltagung in Bonn. An diesem Tag musste ich einen Bildungs- und Englischtest absolvieren, diese sind nach meinem Empfinden gut l\u00f6sbar gewesen. Des Weiteren wurde ein Gruppengespr\u00e4ch vor einem Auswahlkomitee gef\u00fchrt, dabei wurde eine kurze Gruppenarbeit erstellt und vorgetragen.<\/p>\n\n\n\n<p style=\"background-color:#f0fbff\" class=\"has-background\">Ein Einzelgespr\u00e4ch wurde im Anschluss mit mir gef\u00fchrt, in dem die verschiedensten Fragen gestellt wurden. Eine Frage, die mir im Kopf geblieben ist und auch wohl einer der einfachsten: \u201eAuf einer Skala von eins bis zehn, wie sehr m\u00f6chten Sie in die USA?\u201c  Meine Antwort war typisch Norddeutsch, kurz und knapp: \u201e11\u201c. Danach wurde erstmal gelacht und ich habe meine Antwort ausf\u00fchrlich erl\u00e4utert. <\/p>\n\n\n\n<p style=\"background-color:#ffffff\" class=\"has-background\">Nach dem Gespr\u00e4ch vergingen dann erstmal wieder Tage und Wochen, bis dann am Freitag vor Weihnachten ein Formular f\u00fcr die DSGVO kam. Da hofft man auf eine Zusage und es ist \u201enur\u201c die Einwilligung, dass die GIZ meine Daten an die Abgeordneten weiter geben darf. <\/p>\n\n\n\n<p style=\"background-color:#f0fbff\" class=\"has-background\">Denn im Endeffekt gibt die Organisation nur eine Empfehlung an die Bundestagsabgeordneten ab. Doch Mitte Januar war es dann soweit, ich musste zum Interview nach Papenburg zur Bundestagsabgeordneten Frau <a href=\"https:\/\/www.gitta-connemann.de\/\">Gitta Connemann<\/a>. Wir unterhielten uns dar\u00fcber was ich denn so mache und wie ich auf das PPP gekommen bin. Aber auch dar\u00fcber, was mich erwarten k\u00f6nnte und wo vor ich Angst h\u00e4tte. Es war ein sehr angenehmes Gespr\u00e4ch und die Hoffnung war danach um so gr\u00f6\u00dfer, dass Sie mich ausw\u00e4hlen w\u00fcrde. Doch dies ist nicht selbstverst\u00e4ndlich, denn es waren noch zwei andere Bewerber bei ihr zum Interview. <\/p>\n\n\n\n<p style=\"background-color:#ffffff\" class=\"has-background\">Am 12. Februar 2019 kam wie immer der Postbote, da ich Ihn gesehen hatte ging ich direkt zur T\u00fcr. Es war an diesem Tag nur ein Brief, doch dieser Brief war der wohl lang ersehnte. In diesem Brief von Frau Connemann, erhielt ich die Zusage, dass ich ab August 2019 f\u00fcr ein Jahr in die USA gehen darf. Es war wie Geburtstag, Weihnachten und noch vieles mehr zusammen, ich freute mich riesig. Doch damit verbunden auch ein bisschen  die Angst, ein Jahr von der Familie und den Freunden getrennt und weit weg zu sein. <\/p>\n\n\n\n<p style=\"background-color:#f0fbff\" class=\"has-background\">Mit dieser Zusage begann die Aufregende Vorbereitungsphase und ich erhielt am Tag darauf schon die ersten Unterlagen von der GIZ. <\/p>\n<div class=\"shariff\" data-services=\"facebook\" data-url=\"https%3A%2F%2F36ppp.de%2Fmoritz%2Fmeine-bewerbung-und-das-auswahlverfahren%2F\" data-timestamp=\"1563214533\" data-backendurl=\"https:\/\/36ppp.de\/moritz\/wp-json\/shariff\/v1\/share_counts?\"><ul class=\"shariff-buttons theme-default orientation-horizontal buttonsize-medium\"><li class=\"shariff-button facebook shariff-nocustomcolor\" style=\"background-color:#4273c8\"><a href=\"https:\/\/www.facebook.com\/sharer\/sharer.php?u=https%3A%2F%2F36ppp.de%2Fmoritz%2Fmeine-bewerbung-und-das-auswahlverfahren%2F\" title=\"Bei Facebook teilen\" aria-label=\"Bei Facebook teilen\" role=\"button\" rel=\"nofollow\" class=\"shariff-link\" style=\"; background-color:#3b5998; color:#fff\" target=\"_blank\"><span class=\"shariff-icon\" style=\"\"><svg width=\"32px\" height=\"20px\" xmlns=\"http:\/\/www.w3.org\/2000\/svg\" viewBox=\"0 0 18 32\"><path fill=\"#3b5998\" d=\"M17.1 0.2v4.7h-2.8q-1.5 0-2.1 0.6t-0.5 1.9v3.4h5.2l-0.7 5.3h-4.5v13.6h-5.5v-13.6h-4.5v-5.3h4.5v-3.9q0-3.3 1.9-5.2t5-1.8q2.6 0 4.1 0.2z\"\/><\/svg><\/span><span class=\"shariff-text\">teilen<\/span>&nbsp;<\/a><\/li><li class=\"shariff-button mailto shariff-nocustomcolor\" style=\"background-color:#a8a8a8\"><a href=\"mailto:?body=https%3A%2F%2F36ppp.de%2Fmoritz%2Fmeine-bewerbung-und-das-auswahlverfahren%2F&subject=Meine%20Bewerbung%20und%20das%20Auswahlverfahren\" title=\"Per E-Mail versenden\" aria-label=\"Per E-Mail versenden\" role=\"button\" rel=\"noopener nofollow\" class=\"shariff-link\" style=\"; background-color:#999; color:#fff\"><span class=\"shariff-icon\" style=\"\"><svg width=\"32px\" height=\"20px\" xmlns=\"http:\/\/www.w3.org\/2000\/svg\" viewBox=\"0 0 32 32\"><path fill=\"#999\" d=\"M32 12.7v14.2q0 1.2-0.8 2t-2 0.9h-26.3q-1.2 0-2-0.9t-0.8-2v-14.2q0.8 0.9 1.8 1.6 6.5 4.4 8.9 6.1 1 0.8 1.6 1.2t1.7 0.9 2 0.4h0.1q0.9 0 2-0.4t1.7-0.9 1.6-1.2q3-2.2 8.9-6.1 1-0.7 1.8-1.6zM32 7.4q0 1.4-0.9 2.7t-2.2 2.2q-6.7 4.7-8.4 5.8-0.2 0.1-0.7 0.5t-1 0.7-0.9 0.6-1.1 0.5-0.9 0.2h-0.1q-0.4 0-0.9-0.2t-1.1-0.5-0.9-0.6-1-0.7-0.7-0.5q-1.6-1.1-4.7-3.2t-3.6-2.6q-1.1-0.7-2.1-2t-1-2.5q0-1.4 0.7-2.3t2.1-0.9h26.3q1.2 0 2 0.8t0.9 2z\"\/><\/svg><\/span><span class=\"shariff-text\">E-Mail<\/span>&nbsp;<\/a><\/li><li class=\"shariff-button whatsapp shariff-nocustomcolor\" style=\"background-color:#5cbe4a\"><a href=\"https:\/\/api.whatsapp.com\/send?text=https%3A%2F%2F36ppp.de%2Fmoritz%2Fmeine-bewerbung-und-das-auswahlverfahren%2F%20Meine%20Bewerbung%20und%20das%20Auswahlverfahren\" title=\"Bei Whatsapp teilen\" aria-label=\"Bei Whatsapp teilen\" role=\"button\" rel=\"noopener nofollow\" class=\"shariff-link\" style=\"; background-color:#34af23; color:#fff\" target=\"_blank\"><span class=\"shariff-icon\" style=\"\"><svg width=\"32px\" height=\"20px\" xmlns=\"http:\/\/www.w3.org\/2000\/svg\" viewBox=\"0 0 32 32\"><path fill=\"#34af23\" d=\"M17.6 17.4q0.2 0 1.7 0.8t1.6 0.9q0 0.1 0 0.3 0 0.6-0.3 1.4-0.3 0.7-1.3 1.2t-1.8 0.5q-1 0-3.4-1.1-1.7-0.8-3-2.1t-2.6-3.3q-1.3-1.9-1.3-3.5v-0.1q0.1-1.6 1.3-2.8 0.4-0.4 0.9-0.4 0.1 0 0.3 0t0.3 0q0.3 0 0.5 0.1t0.3 0.5q0.1 0.4 0.6 1.6t0.4 1.3q0 0.4-0.6 1t-0.6 0.8q0 0.1 0.1 0.3 0.6 1.3 1.8 2.4 1 0.9 2.7 1.8 0.2 0.1 0.4 0.1 0.3 0 1-0.9t0.9-0.9zM14 26.9q2.3 0 4.3-0.9t3.6-2.4 2.4-3.6 0.9-4.3-0.9-4.3-2.4-3.6-3.6-2.4-4.3-0.9-4.3 0.9-3.6 2.4-2.4 3.6-0.9 4.3q0 3.6 2.1 6.6l-1.4 4.2 4.3-1.4q2.8 1.9 6.2 1.9zM14 2.2q2.7 0 5.2 1.1t4.3 2.9 2.9 4.3 1.1 5.2-1.1 5.2-2.9 4.3-4.3 2.9-5.2 1.1q-3.5 0-6.5-1.7l-7.4 2.4 2.4-7.2q-1.9-3.2-1.9-6.9 0-2.7 1.1-5.2t2.9-4.3 4.3-2.9 5.2-1.1z\"\/><\/svg><\/span><span class=\"shariff-text\">teilen<\/span>&nbsp;<\/a><\/li><li class=\"shariff-button sms shariff-nocustomcolor shariff-mobile\" style=\"background-color:#d7d9d8\"><a href=\"sms:?&body=https%3A%2F%2F36ppp.de%2Fmoritz%2Fmeine-bewerbung-und-das-auswahlverfahren%2F\" title=\"Per SMS teilen\" aria-label=\"Per SMS teilen\" role=\"button\" rel=\"noopener nofollow\" class=\"shariff-link\" style=\"; background-color:#a1e877; color:#fff\" target=\"_blank\"><span class=\"shariff-icon\" style=\"\"><svg xmlns=\"http:\/\/www.w3.org\/2000\/svg\" width=\"510\" height=\"510\" viewBox=\"0 0 510 510\"><path fill=\"#a1e877\" d=\"M459 0H51C23 0 0 23 0 51v459l102-102h357c28.1 0 51-22.9 51-51V51C510 23 487.1 0 459 0zM178.5 229.5h-51v-51h51V229.5zM280.5 229.5h-51v-51h51V229.5zM382.5 229.5h-51v-51h51V229.5z\"\/><\/svg><\/span><span class=\"shariff-text\">teilen<\/span>&nbsp;<\/a><\/li><li class=\"shariff-button twitter shariff-nocustomcolor\" style=\"background-color:#595959\"><a href=\"https:\/\/twitter.com\/share?url=https%3A%2F%2F36ppp.de%2Fmoritz%2Fmeine-bewerbung-und-das-auswahlverfahren%2F&text=Meine%20Bewerbung%20und%20das%20Auswahlverfahren\" title=\"Bei X teilen\" aria-label=\"Bei X teilen\" role=\"button\" rel=\"noopener nofollow\" class=\"shariff-link\" style=\"; background-color:#000; color:#fff\" target=\"_blank\"><span class=\"shariff-icon\" style=\"\"><svg width=\"32px\" height=\"20px\" xmlns=\"http:\/\/www.w3.org\/2000\/svg\" viewBox=\"0 0 24 24\"><path fill=\"#000\" d=\"M14.258 10.152L23.176 0h-2.113l-7.747 8.813L7.133 0H0l9.352 13.328L0 23.973h2.113l8.176-9.309 6.531 9.309h7.133zm-2.895 3.293l-.949-1.328L2.875 1.56h3.246l6.086 8.523.945 1.328 7.91 11.078h-3.246zm0 0\"\/><\/svg><\/span><span class=\"shariff-text\">teilen<\/span>&nbsp;<\/a><\/li><\/ul><\/div>","protected":false},"excerpt":{"rendered":"<p>Zuallererst fing es damit an, dass ich schon fr\u00fcher ins Ausland wollte, doch der Zeitpunkt irgendwie nie passte. Nach dem meine j\u00fcngere Schwester Lina von August 2017 bis Juni 2018 in den USA war, entschloss ich mich auch dazu. So bewarb ich mich beim Parlamentarischen Patenschafts Programm f\u00fcr junge Berufst\u00e4tige. Ich forderte die Bewerbungsunterlagen an und begann diese Auszuf\u00fcllen. Es ist eine ziemlich ausf\u00fchrliche Bewerbung mit verschiedenen Fragen, diese schickte ich dann per Post im September 2018 weg. Dann erhielt ich v\u00f6llig \u00fcberraschend im Oktober eine Einladung nach Bonn zur Auswahltagung bei der Deutschen Gesellschaft f\u00fcr Internationale Zusammenarbeit, kurz GIZ. Am 24.Oktober 2018 war es dann soweit, die Auswahltagung in Bonn. An diesem Tag musste ich einen Bildungs- und Englischtest absolvieren, diese sind nach meinem Empfinden gut l\u00f6sbar gewesen. Des Weiteren wurde ein Gruppengespr\u00e4ch vor einem Auswahlkomitee gef\u00fchrt, dabei wurde eine kurze Gruppenarbeit erstellt und vorgetragen. Ein Einzelgespr\u00e4ch wurde im Anschluss mit mir gef\u00fchrt, in dem die verschiedensten Fragen gestellt wurden. Eine Frage, die mir im Kopf geblieben ist und auch wohl einer der einfachsten: \u201eAuf einer Skala von eins bis zehn, wie sehr m\u00f6chten Sie in die USA?\u201c Meine Antwort war typisch Norddeutsch, kurz und knapp: \u201e11\u201c. Danach wurde erstmal gelacht und ich habe meine Antwort ausf\u00fchrlich erl\u00e4utert. Nach dem Gespr\u00e4ch vergingen dann erstmal wieder Tage und Wochen, bis dann am Freitag vor Weihnachten ein Formular f\u00fcr die DSGVO kam. Da hofft man auf eine Zusage und es ist \u201enur\u201c die Einwilligung, dass die GIZ meine Daten an die Abgeordneten weiter geben darf. Denn im Endeffekt gibt die Organisation nur eine Empfehlung an die Bundestagsabgeordneten ab. Doch Mitte Januar war es dann soweit, ich musste zum Interview nach Papenburg zur Bundestagsabgeordneten Frau Gitta Connemann. Wir unterhielten uns dar\u00fcber was ich denn so mache und wie ich auf das PPP gekommen bin. Aber auch dar\u00fcber, was mich erwarten k\u00f6nnte und wo vor ich Angst h\u00e4tte. Es war ein sehr angenehmes Gespr\u00e4ch und die Hoffnung war danach um so gr\u00f6\u00dfer, dass Sie mich ausw\u00e4hlen w\u00fcrde. Doch dies ist nicht selbstverst\u00e4ndlich, denn es waren noch zwei andere Bewerber bei ihr zum Interview. Am 12. Februar 2019 kam wie immer der Postbote, da ich Ihn gesehen hatte ging ich direkt zur T\u00fcr. Es war an diesem Tag nur ein Brief, doch dieser Brief war der wohl lang ersehnte. In diesem Brief von Frau Connemann, erhielt ich die Zusage, dass ich ab August 2019 f\u00fcr ein Jahr in die USA gehen darf. Es war wie Geburtstag, Weihnachten und noch vieles mehr zusammen, ich freute mich riesig. Doch damit verbunden auch ein bisschen die Angst, ein Jahr von der Familie und den Freunden getrennt und weit weg zu sein. Mit dieser Zusage begann die Aufregende Vorbereitungsphase und ich erhielt am Tag darauf schon die ersten Unterlagen von der GIZ.<\/p>\n","protected":false},"author":17,"featured_media":0,"parent":0,"menu_order":0,"comment_status":"closed","ping_status":"closed","template":"","meta":{"_exactmetrics_skip_tracking":false,"_exactmetrics_sitenote_active":false,"_exactmetrics_sitenote_note":"","_exactmetrics_sitenote_category":0,"_themeisle_gutenberg_block_has_review":false,"footnotes":""},"class_list":["post-271","page","type-page","status-publish","hentry"],"yoast_head":"<!-- This site is optimized with the Yoast SEO plugin v24.8.1 - https:\/\/yoast.com\/wordpress\/plugins\/seo\/ -->\n<title>Meine Bewerbung und das Auswahlverfahren &#8211; Moritz<\/title>\n<meta name=\"description\" content=\"Auf dieser Seite erf\u00e4hrst du wie meine Bewerbungs- und Auswahlphase ablief. Mit dem positiven Ende der Zusage f\u00fcr das Jahr in den USA.\" \/>\n<meta name=\"robots\" content=\"index, follow, max-snippet:-1, max-image-preview:large, max-video-preview:-1\" \/>\n<link rel=\"canonical\" href=\"https:\/\/36ppp.de\/moritz\/meine-bewerbung-und-das-auswahlverfahren\/\" \/>\n<meta property=\"og:locale\" content=\"de_DE\" \/>\n<meta property=\"og:type\" content=\"article\" \/>\n<meta property=\"og:title\" content=\"Meine Bewerbung und das Auswahlverfahren &#8211; Moritz\" \/>\n<meta property=\"og:description\" content=\"Auf dieser Seite erf\u00e4hrst du wie meine Bewerbungs- und Auswahlphase ablief. Mit dem positiven Ende der Zusage f\u00fcr das Jahr in den USA.\" \/>\n<meta property=\"og:url\" content=\"https:\/\/36ppp.de\/moritz\/meine-bewerbung-und-das-auswahlverfahren\/\" \/>\n<meta property=\"og:site_name\" content=\"Moritz\" \/>\n<meta property=\"article:modified_time\" content=\"2019-07-15T16:15:33+00:00\" \/>\n<meta name=\"twitter:card\" content=\"summary_large_image\" \/>\n<meta name=\"twitter:label1\" content=\"Gesch\u00e4tzte Lesezeit\" \/>\n\t<meta name=\"twitter:data1\" content=\"2\u00a0Minuten\" \/>\n<script type=\"application\/ld+json\" class=\"yoast-schema-graph\">{\"@context\":\"https:\/\/schema.org\",\"@graph\":[{\"@type\":\"WebPage\",\"@id\":\"https:\/\/36ppp.de\/moritz\/meine-bewerbung-und-das-auswahlverfahren\/\",\"url\":\"https:\/\/36ppp.de\/moritz\/meine-bewerbung-und-das-auswahlverfahren\/\",\"name\":\"Meine Bewerbung und das Auswahlverfahren &#8211; Moritz\",\"isPartOf\":{\"@id\":\"https:\/\/36ppp.de\/moritz\/#website\"},\"datePublished\":\"2019-07-13T11:33:28+00:00\",\"dateModified\":\"2019-07-15T16:15:33+00:00\",\"description\":\"Auf dieser Seite erf\u00e4hrst du wie meine Bewerbungs- und Auswahlphase ablief. Mit dem positiven Ende der Zusage f\u00fcr das Jahr in den USA.\",\"breadcrumb\":{\"@id\":\"https:\/\/36ppp.de\/moritz\/meine-bewerbung-und-das-auswahlverfahren\/#breadcrumb\"},\"inLanguage\":\"de\",\"potentialAction\":[{\"@type\":\"ReadAction\",\"target\":[\"https:\/\/36ppp.de\/moritz\/meine-bewerbung-und-das-auswahlverfahren\/\"]}]},{\"@type\":\"BreadcrumbList\",\"@id\":\"https:\/\/36ppp.de\/moritz\/meine-bewerbung-und-das-auswahlverfahren\/#breadcrumb\",\"itemListElement\":[{\"@type\":\"ListItem\",\"position\":1,\"name\":\"Startseite\",\"item\":\"https:\/\/36ppp.de\/moritz\/\"},{\"@type\":\"ListItem\",\"position\":2,\"name\":\"Meine Bewerbung und das Auswahlverfahren\"}]},{\"@type\":\"WebSite\",\"@id\":\"https:\/\/36ppp.de\/moritz\/#website\",\"url\":\"https:\/\/36ppp.de\/moritz\/\",\"name\":\"Moritz\",\"description\":\"Blog des 36.PPP\",\"publisher\":{\"@id\":\"https:\/\/36ppp.de\/moritz\/#\/schema\/person\/3004a09b7388b4fdcc8d57a3008946b5\"},\"potentialAction\":[{\"@type\":\"SearchAction\",\"target\":{\"@type\":\"EntryPoint\",\"urlTemplate\":\"https:\/\/36ppp.de\/moritz\/?s={search_term_string}\"},\"query-input\":{\"@type\":\"PropertyValueSpecification\",\"valueRequired\":true,\"valueName\":\"search_term_string\"}}],\"inLanguage\":\"de\"},{\"@type\":[\"Person\",\"Organization\"],\"@id\":\"https:\/\/36ppp.de\/moritz\/#\/schema\/person\/3004a09b7388b4fdcc8d57a3008946b5\",\"name\":\"moritz\",\"image\":{\"@type\":\"ImageObject\",\"inLanguage\":\"de\",\"@id\":\"https:\/\/36ppp.de\/moritz\/#\/schema\/person\/image\/\",\"url\":\"https:\/\/secure.gravatar.com\/avatar\/e795a3aeb269d6fc83b9b00f8831b74dd4d97ecc51631f850dcd0271d9d48da6?s=96&d=mm&r=g\",\"contentUrl\":\"https:\/\/secure.gravatar.com\/avatar\/e795a3aeb269d6fc83b9b00f8831b74dd4d97ecc51631f850dcd0271d9d48da6?s=96&d=mm&r=g\",\"caption\":\"moritz\"},\"logo\":{\"@id\":\"https:\/\/36ppp.de\/moritz\/#\/schema\/person\/image\/\"}}]}<\/script>\n<!-- \/ Yoast SEO plugin. -->","yoast_head_json":{"title":"Meine Bewerbung und das Auswahlverfahren &#8211; Moritz","description":"Auf dieser Seite erf\u00e4hrst du wie meine Bewerbungs- und Auswahlphase ablief. Mit dem positiven Ende der Zusage f\u00fcr das Jahr in den USA.","robots":{"index":"index","follow":"follow","max-snippet":"max-snippet:-1","max-image-preview":"max-image-preview:large","max-video-preview":"max-video-preview:-1"},"canonical":"https:\/\/36ppp.de\/moritz\/meine-bewerbung-und-das-auswahlverfahren\/","og_locale":"de_DE","og_type":"article","og_title":"Meine Bewerbung und das Auswahlverfahren &#8211; Moritz","og_description":"Auf dieser Seite erf\u00e4hrst du wie meine Bewerbungs- und Auswahlphase ablief. Mit dem positiven Ende der Zusage f\u00fcr das Jahr in den USA.","og_url":"https:\/\/36ppp.de\/moritz\/meine-bewerbung-und-das-auswahlverfahren\/","og_site_name":"Moritz","article_modified_time":"2019-07-15T16:15:33+00:00","twitter_card":"summary_large_image","twitter_misc":{"Gesch\u00e4tzte Lesezeit":"2\u00a0Minuten"},"schema":{"@context":"https:\/\/schema.org","@graph":[{"@type":"WebPage","@id":"https:\/\/36ppp.de\/moritz\/meine-bewerbung-und-das-auswahlverfahren\/","url":"https:\/\/36ppp.de\/moritz\/meine-bewerbung-und-das-auswahlverfahren\/","name":"Meine Bewerbung und das Auswahlverfahren &#8211; Moritz","isPartOf":{"@id":"https:\/\/36ppp.de\/moritz\/#website"},"datePublished":"2019-07-13T11:33:28+00:00","dateModified":"2019-07-15T16:15:33+00:00","description":"Auf dieser Seite erf\u00e4hrst du wie meine Bewerbungs- und Auswahlphase ablief. Mit dem positiven Ende der Zusage f\u00fcr das Jahr in den USA.","breadcrumb":{"@id":"https:\/\/36ppp.de\/moritz\/meine-bewerbung-und-das-auswahlverfahren\/#breadcrumb"},"inLanguage":"de","potentialAction":[{"@type":"ReadAction","target":["https:\/\/36ppp.de\/moritz\/meine-bewerbung-und-das-auswahlverfahren\/"]}]},{"@type":"BreadcrumbList","@id":"https:\/\/36ppp.de\/moritz\/meine-bewerbung-und-das-auswahlverfahren\/#breadcrumb","itemListElement":[{"@type":"ListItem","position":1,"name":"Startseite","item":"https:\/\/36ppp.de\/moritz\/"},{"@type":"ListItem","position":2,"name":"Meine Bewerbung und das Auswahlverfahren"}]},{"@type":"WebSite","@id":"https:\/\/36ppp.de\/moritz\/#website","url":"https:\/\/36ppp.de\/moritz\/","name":"Moritz","description":"Blog des 36.PPP","publisher":{"@id":"https:\/\/36ppp.de\/moritz\/#\/schema\/person\/3004a09b7388b4fdcc8d57a3008946b5"},"potentialAction":[{"@type":"SearchAction","target":{"@type":"EntryPoint","urlTemplate":"https:\/\/36ppp.de\/moritz\/?s={search_term_string}"},"query-input":{"@type":"PropertyValueSpecification","valueRequired":true,"valueName":"search_term_string"}}],"inLanguage":"de"},{"@type":["Person","Organization"],"@id":"https:\/\/36ppp.de\/moritz\/#\/schema\/person\/3004a09b7388b4fdcc8d57a3008946b5","name":"moritz","image":{"@type":"ImageObject","inLanguage":"de","@id":"https:\/\/36ppp.de\/moritz\/#\/schema\/person\/image\/","url":"https:\/\/secure.gravatar.com\/avatar\/e795a3aeb269d6fc83b9b00f8831b74dd4d97ecc51631f850dcd0271d9d48da6?s=96&d=mm&r=g","contentUrl":"https:\/\/secure.gravatar.com\/avatar\/e795a3aeb269d6fc83b9b00f8831b74dd4d97ecc51631f850dcd0271d9d48da6?s=96&d=mm&r=g","caption":"moritz"},"logo":{"@id":"https:\/\/36ppp.de\/moritz\/#\/schema\/person\/image\/"}}]}},"_links":{"self":[{"href":"https:\/\/36ppp.de\/moritz\/wp-json\/wp\/v2\/pages\/271","targetHints":{"allow":["GET"]}}],"collection":[{"href":"https:\/\/36ppp.de\/moritz\/wp-json\/wp\/v2\/pages"}],"about":[{"href":"https:\/\/36ppp.de\/moritz\/wp-json\/wp\/v2\/types\/page"}],"author":[{"embeddable":true,"href":"https:\/\/36ppp.de\/moritz\/wp-json\/wp\/v2\/users\/17"}],"replies":[{"embeddable":true,"href":"https:\/\/36ppp.de\/moritz\/wp-json\/wp\/v2\/comments?post=271"}],"version-history":[{"count":20,"href":"https:\/\/36ppp.de\/moritz\/wp-json\/wp\/v2\/pages\/271\/revisions"}],"predecessor-version":[{"id":437,"href":"https:\/\/36ppp.de\/moritz\/wp-json\/wp\/v2\/pages\/271\/revisions\/437"}],"wp:attachment":[{"href":"https:\/\/36ppp.de\/moritz\/wp-json\/wp\/v2\/media?parent=271"}],"curies":[{"name":"wp","href":"https:\/\/api.w.org\/{rel}","templated":true}]}}