{"id":73,"date":"2019-07-08T13:07:13","date_gmt":"2019-07-08T11:07:13","guid":{"rendered":"http:\/\/36ppp.de\/moritz\/?page_id=73"},"modified":"2019-07-09T13:26:38","modified_gmt":"2019-07-09T11:26:38","slug":"programmteile","status":"publish","type":"page","link":"https:\/\/36ppp.de\/moritz\/programmteile\/","title":{"rendered":"Programmziele"},"content":{"rendered":"\n<p>Das Parlamentarische Patenschafts-Programm (PPP) dient der \/ dem<\/p>\n\n\n\n<ul class=\"wp-block-list\"><li>Vertiefung der deutsch-amerikanischen Beziehungen<\/li><li>F\u00f6rderung des Verst\u00e4ndnisses f\u00fcr eine andere Mentalit\u00e4t<\/li><li>Abbau von Vorurteilen und Klischeevorstellungen<\/li><li>Kennenlernen der historischen, wirtschaftlichen, politischen und gesellschaftlichen Entwicklung der USA<\/li><li>Pers\u00f6nlichkeitsentwicklung des Individuums<\/li><li>Erweiterung der Sprachkenntnisse sowie der fachlichen und berufspraktischen Erfahrungen.<\/li><\/ul>\n\n\n\n<p>Quelle: <a href=\"https:\/\/www.giz.de\/de\/weltweit\/12884.html\">https:\/\/www.giz.de\/de\/weltweit\/12884.html<\/a><\/p>\n<div class=\"shariff\" data-services=\"facebook\" data-url=\"https%3A%2F%2F36ppp.de%2Fmoritz%2Fprogrammteile%2F\" data-timestamp=\"1562678798\" data-backendurl=\"https:\/\/36ppp.de\/moritz\/wp-json\/shariff\/v1\/share_counts?\"><ul class=\"shariff-buttons theme-default orientation-horizontal buttonsize-medium\"><li class=\"shariff-button facebook shariff-nocustomcolor\" style=\"background-color:#4273c8\"><a href=\"https:\/\/www.facebook.com\/sharer\/sharer.php?u=https%3A%2F%2F36ppp.de%2Fmoritz%2Fprogrammteile%2F\" title=\"Bei Facebook teilen\" aria-label=\"Bei Facebook teilen\" role=\"button\" rel=\"nofollow\" class=\"shariff-link\" style=\"; background-color:#3b5998; color:#fff\" target=\"_blank\"><span class=\"shariff-icon\" style=\"\"><svg width=\"32px\" height=\"20px\" xmlns=\"http:\/\/www.w3.org\/2000\/svg\" viewBox=\"0 0 18 32\"><path fill=\"#3b5998\" d=\"M17.1 0.2v4.7h-2.8q-1.5 0-2.1 0.6t-0.5 1.9v3.4h5.2l-0.7 5.3h-4.5v13.6h-5.5v-13.6h-4.5v-5.3h4.5v-3.9q0-3.3 1.9-5.2t5-1.8q2.6 0 4.1 0.2z\"\/><\/svg><\/span><span class=\"shariff-text\">teilen<\/span>&nbsp;<\/a><\/li><li class=\"shariff-button mailto shariff-nocustomcolor\" style=\"background-color:#a8a8a8\"><a href=\"mailto:?body=https%3A%2F%2F36ppp.de%2Fmoritz%2Fprogrammteile%2F&subject=Programmziele\" title=\"Per E-Mail versenden\" aria-label=\"Per E-Mail versenden\" role=\"button\" rel=\"noopener nofollow\" class=\"shariff-link\" style=\"; background-color:#999; color:#fff\"><span class=\"shariff-icon\" style=\"\"><svg width=\"32px\" height=\"20px\" xmlns=\"http:\/\/www.w3.org\/2000\/svg\" viewBox=\"0 0 32 32\"><path fill=\"#999\" d=\"M32 12.7v14.2q0 1.2-0.8 2t-2 0.9h-26.3q-1.2 0-2-0.9t-0.8-2v-14.2q0.8 0.9 1.8 1.6 6.5 4.4 8.9 6.1 1 0.8 1.6 1.2t1.7 0.9 2 0.4h0.1q0.9 0 2-0.4t1.7-0.9 1.6-1.2q3-2.2 8.9-6.1 1-0.7 1.8-1.6zM32 7.4q0 1.4-0.9 2.7t-2.2 2.2q-6.7 4.7-8.4 5.8-0.2 0.1-0.7 0.5t-1 0.7-0.9 0.6-1.1 0.5-0.9 0.2h-0.1q-0.4 0-0.9-0.2t-1.1-0.5-0.9-0.6-1-0.7-0.7-0.5q-1.6-1.1-4.7-3.2t-3.6-2.6q-1.1-0.7-2.1-2t-1-2.5q0-1.4 0.7-2.3t2.1-0.9h26.3q1.2 0 2 0.8t0.9 2z\"\/><\/svg><\/span><span class=\"shariff-text\">E-Mail<\/span>&nbsp;<\/a><\/li><li class=\"shariff-button whatsapp shariff-nocustomcolor\" style=\"background-color:#5cbe4a\"><a href=\"https:\/\/api.whatsapp.com\/send?text=https%3A%2F%2F36ppp.de%2Fmoritz%2Fprogrammteile%2F%20Programmziele\" title=\"Bei Whatsapp teilen\" aria-label=\"Bei Whatsapp teilen\" role=\"button\" rel=\"noopener nofollow\" class=\"shariff-link\" style=\"; background-color:#34af23; color:#fff\" target=\"_blank\"><span class=\"shariff-icon\" style=\"\"><svg width=\"32px\" height=\"20px\" xmlns=\"http:\/\/www.w3.org\/2000\/svg\" viewBox=\"0 0 32 32\"><path fill=\"#34af23\" d=\"M17.6 17.4q0.2 0 1.7 0.8t1.6 0.9q0 0.1 0 0.3 0 0.6-0.3 1.4-0.3 0.7-1.3 1.2t-1.8 0.5q-1 0-3.4-1.1-1.7-0.8-3-2.1t-2.6-3.3q-1.3-1.9-1.3-3.5v-0.1q0.1-1.6 1.3-2.8 0.4-0.4 0.9-0.4 0.1 0 0.3 0t0.3 0q0.3 0 0.5 0.1t0.3 0.5q0.1 0.4 0.6 1.6t0.4 1.3q0 0.4-0.6 1t-0.6 0.8q0 0.1 0.1 0.3 0.6 1.3 1.8 2.4 1 0.9 2.7 1.8 0.2 0.1 0.4 0.1 0.3 0 1-0.9t0.9-0.9zM14 26.9q2.3 0 4.3-0.9t3.6-2.4 2.4-3.6 0.9-4.3-0.9-4.3-2.4-3.6-3.6-2.4-4.3-0.9-4.3 0.9-3.6 2.4-2.4 3.6-0.9 4.3q0 3.6 2.1 6.6l-1.4 4.2 4.3-1.4q2.8 1.9 6.2 1.9zM14 2.2q2.7 0 5.2 1.1t4.3 2.9 2.9 4.3 1.1 5.2-1.1 5.2-2.9 4.3-4.3 2.9-5.2 1.1q-3.5 0-6.5-1.7l-7.4 2.4 2.4-7.2q-1.9-3.2-1.9-6.9 0-2.7 1.1-5.2t2.9-4.3 4.3-2.9 5.2-1.1z\"\/><\/svg><\/span><span class=\"shariff-text\">teilen<\/span>&nbsp;<\/a><\/li><li class=\"shariff-button sms shariff-nocustomcolor shariff-mobile\" style=\"background-color:#d7d9d8\"><a href=\"sms:?&body=https%3A%2F%2F36ppp.de%2Fmoritz%2Fprogrammteile%2F\" title=\"Per SMS teilen\" aria-label=\"Per SMS teilen\" role=\"button\" rel=\"noopener nofollow\" class=\"shariff-link\" style=\"; background-color:#a1e877; color:#fff\" target=\"_blank\"><span class=\"shariff-icon\" style=\"\"><svg xmlns=\"http:\/\/www.w3.org\/2000\/svg\" width=\"510\" height=\"510\" viewBox=\"0 0 510 510\"><path fill=\"#a1e877\" d=\"M459 0H51C23 0 0 23 0 51v459l102-102h357c28.1 0 51-22.9 51-51V51C510 23 487.1 0 459 0zM178.5 229.5h-51v-51h51V229.5zM280.5 229.5h-51v-51h51V229.5zM382.5 229.5h-51v-51h51V229.5z\"\/><\/svg><\/span><span class=\"shariff-text\">teilen<\/span>&nbsp;<\/a><\/li><li class=\"shariff-button twitter shariff-nocustomcolor\" style=\"background-color:#595959\"><a href=\"https:\/\/twitter.com\/share?url=https%3A%2F%2F36ppp.de%2Fmoritz%2Fprogrammteile%2F&text=Programmziele\" title=\"Bei X teilen\" aria-label=\"Bei X teilen\" role=\"button\" rel=\"noopener nofollow\" class=\"shariff-link\" style=\"; background-color:#000; color:#fff\" target=\"_blank\"><span class=\"shariff-icon\" style=\"\"><svg width=\"32px\" height=\"20px\" xmlns=\"http:\/\/www.w3.org\/2000\/svg\" viewBox=\"0 0 24 24\"><path fill=\"#000\" d=\"M14.258 10.152L23.176 0h-2.113l-7.747 8.813L7.133 0H0l9.352 13.328L0 23.973h2.113l8.176-9.309 6.531 9.309h7.133zm-2.895 3.293l-.949-1.328L2.875 1.56h3.246l6.086 8.523.945 1.328 7.91 11.078h-3.246zm0 0\"\/><\/svg><\/span><span class=\"shariff-text\">teilen<\/span>&nbsp;<\/a><\/li><\/ul><\/div>","protected":false},"excerpt":{"rendered":"<p>Das Parlamentarische Patenschafts-Programm (PPP) dient der \/ dem Vertiefung der deutsch-amerikanischen Beziehungen F\u00f6rderung des Verst\u00e4ndnisses f\u00fcr eine andere Mentalit\u00e4t Abbau von Vorurteilen und Klischeevorstellungen Kennenlernen der historischen, wirtschaftlichen, politischen und gesellschaftlichen Entwicklung der USA Pers\u00f6nlichkeitsentwicklung des Individuums Erweiterung der Sprachkenntnisse sowie der fachlichen und berufspraktischen Erfahrungen. Quelle: https:\/\/www.giz.de\/de\/weltweit\/12884.html<\/p>\n","protected":false},"author":17,"featured_media":0,"parent":0,"menu_order":0,"comment_status":"closed","ping_status":"closed","template":"","meta":{"_exactmetrics_skip_tracking":false,"_exactmetrics_sitenote_active":false,"_exactmetrics_sitenote_note":"","_exactmetrics_sitenote_category":0,"_themeisle_gutenberg_block_has_review":false,"footnotes":""},"class_list":["post-73","page","type-page","status-publish","hentry"],"yoast_head":"<!-- This site is optimized with the Yoast SEO plugin v24.8.1 - https:\/\/yoast.com\/wordpress\/plugins\/seo\/ -->\n<title>Programmziele &#8211; Moritz<\/title>\n<meta name=\"robots\" content=\"index, follow, max-snippet:-1, max-image-preview:large, max-video-preview:-1\" \/>\n<link rel=\"canonical\" href=\"https:\/\/36ppp.de\/moritz\/programmteile\/\" \/>\n<meta property=\"og:locale\" content=\"de_DE\" \/>\n<meta property=\"og:type\" content=\"article\" \/>\n<meta property=\"og:title\" content=\"Programmziele &#8211; Moritz\" \/>\n<meta property=\"og:description\" content=\"Das Parlamentarische Patenschafts-Programm (PPP) dient der \/ dem Vertiefung der deutsch-amerikanischen Beziehungen F\u00f6rderung des Verst\u00e4ndnisses f\u00fcr eine andere Mentalit\u00e4t Abbau von Vorurteilen und Klischeevorstellungen Kennenlernen der historischen, wirtschaftlichen, politischen und gesellschaftlichen Entwicklung der USA Pers\u00f6nlichkeitsentwicklung des Individuums Erweiterung der Sprachkenntnisse sowie der fachlichen und berufspraktischen Erfahrungen. Quelle: https:\/\/www.giz.de\/de\/weltweit\/12884.html\" \/>\n<meta property=\"og:url\" content=\"https:\/\/36ppp.de\/moritz\/programmteile\/\" \/>\n<meta property=\"og:site_name\" content=\"Moritz\" \/>\n<meta property=\"article:modified_time\" content=\"2019-07-09T11:26:38+00:00\" \/>\n<meta name=\"twitter:card\" content=\"summary_large_image\" \/>\n<script type=\"application\/ld+json\" class=\"yoast-schema-graph\">{\"@context\":\"https:\/\/schema.org\",\"@graph\":[{\"@type\":\"WebPage\",\"@id\":\"https:\/\/36ppp.de\/moritz\/programmteile\/\",\"url\":\"https:\/\/36ppp.de\/moritz\/programmteile\/\",\"name\":\"Programmziele &#8211; Moritz\",\"isPartOf\":{\"@id\":\"https:\/\/36ppp.de\/moritz\/#website\"},\"datePublished\":\"2019-07-08T11:07:13+00:00\",\"dateModified\":\"2019-07-09T11:26:38+00:00\",\"breadcrumb\":{\"@id\":\"https:\/\/36ppp.de\/moritz\/programmteile\/#breadcrumb\"},\"inLanguage\":\"de\",\"potentialAction\":[{\"@type\":\"ReadAction\",\"target\":[\"https:\/\/36ppp.de\/moritz\/programmteile\/\"]}]},{\"@type\":\"BreadcrumbList\",\"@id\":\"https:\/\/36ppp.de\/moritz\/programmteile\/#breadcrumb\",\"itemListElement\":[{\"@type\":\"ListItem\",\"position\":1,\"name\":\"Startseite\",\"item\":\"https:\/\/36ppp.de\/moritz\/\"},{\"@type\":\"ListItem\",\"position\":2,\"name\":\"Programmziele\"}]},{\"@type\":\"WebSite\",\"@id\":\"https:\/\/36ppp.de\/moritz\/#website\",\"url\":\"https:\/\/36ppp.de\/moritz\/\",\"name\":\"Moritz\",\"description\":\"Blog des 36.PPP\",\"publisher\":{\"@id\":\"https:\/\/36ppp.de\/moritz\/#\/schema\/person\/3004a09b7388b4fdcc8d57a3008946b5\"},\"potentialAction\":[{\"@type\":\"SearchAction\",\"target\":{\"@type\":\"EntryPoint\",\"urlTemplate\":\"https:\/\/36ppp.de\/moritz\/?s={search_term_string}\"},\"query-input\":{\"@type\":\"PropertyValueSpecification\",\"valueRequired\":true,\"valueName\":\"search_term_string\"}}],\"inLanguage\":\"de\"},{\"@type\":[\"Person\",\"Organization\"],\"@id\":\"https:\/\/36ppp.de\/moritz\/#\/schema\/person\/3004a09b7388b4fdcc8d57a3008946b5\",\"name\":\"moritz\",\"image\":{\"@type\":\"ImageObject\",\"inLanguage\":\"de\",\"@id\":\"https:\/\/36ppp.de\/moritz\/#\/schema\/person\/image\/\",\"url\":\"https:\/\/secure.gravatar.com\/avatar\/e795a3aeb269d6fc83b9b00f8831b74dd4d97ecc51631f850dcd0271d9d48da6?s=96&d=mm&r=g\",\"contentUrl\":\"https:\/\/secure.gravatar.com\/avatar\/e795a3aeb269d6fc83b9b00f8831b74dd4d97ecc51631f850dcd0271d9d48da6?s=96&d=mm&r=g\",\"caption\":\"moritz\"},\"logo\":{\"@id\":\"https:\/\/36ppp.de\/moritz\/#\/schema\/person\/image\/\"}}]}<\/script>\n<!-- \/ Yoast SEO plugin. -->","yoast_head_json":{"title":"Programmziele &#8211; Moritz","robots":{"index":"index","follow":"follow","max-snippet":"max-snippet:-1","max-image-preview":"max-image-preview:large","max-video-preview":"max-video-preview:-1"},"canonical":"https:\/\/36ppp.de\/moritz\/programmteile\/","og_locale":"de_DE","og_type":"article","og_title":"Programmziele &#8211; Moritz","og_description":"Das Parlamentarische Patenschafts-Programm (PPP) dient der \/ dem Vertiefung der deutsch-amerikanischen Beziehungen F\u00f6rderung des Verst\u00e4ndnisses f\u00fcr eine andere Mentalit\u00e4t Abbau von Vorurteilen und Klischeevorstellungen Kennenlernen der historischen, wirtschaftlichen, politischen und gesellschaftlichen Entwicklung der USA Pers\u00f6nlichkeitsentwicklung des Individuums Erweiterung der Sprachkenntnisse sowie der fachlichen und berufspraktischen Erfahrungen. Quelle: https:\/\/www.giz.de\/de\/weltweit\/12884.html","og_url":"https:\/\/36ppp.de\/moritz\/programmteile\/","og_site_name":"Moritz","article_modified_time":"2019-07-09T11:26:38+00:00","twitter_card":"summary_large_image","schema":{"@context":"https:\/\/schema.org","@graph":[{"@type":"WebPage","@id":"https:\/\/36ppp.de\/moritz\/programmteile\/","url":"https:\/\/36ppp.de\/moritz\/programmteile\/","name":"Programmziele &#8211; Moritz","isPartOf":{"@id":"https:\/\/36ppp.de\/moritz\/#website"},"datePublished":"2019-07-08T11:07:13+00:00","dateModified":"2019-07-09T11:26:38+00:00","breadcrumb":{"@id":"https:\/\/36ppp.de\/moritz\/programmteile\/#breadcrumb"},"inLanguage":"de","potentialAction":[{"@type":"ReadAction","target":["https:\/\/36ppp.de\/moritz\/programmteile\/"]}]},{"@type":"BreadcrumbList","@id":"https:\/\/36ppp.de\/moritz\/programmteile\/#breadcrumb","itemListElement":[{"@type":"ListItem","position":1,"name":"Startseite","item":"https:\/\/36ppp.de\/moritz\/"},{"@type":"ListItem","position":2,"name":"Programmziele"}]},{"@type":"WebSite","@id":"https:\/\/36ppp.de\/moritz\/#website","url":"https:\/\/36ppp.de\/moritz\/","name":"Moritz","description":"Blog des 36.PPP","publisher":{"@id":"https:\/\/36ppp.de\/moritz\/#\/schema\/person\/3004a09b7388b4fdcc8d57a3008946b5"},"potentialAction":[{"@type":"SearchAction","target":{"@type":"EntryPoint","urlTemplate":"https:\/\/36ppp.de\/moritz\/?s={search_term_string}"},"query-input":{"@type":"PropertyValueSpecification","valueRequired":true,"valueName":"search_term_string"}}],"inLanguage":"de"},{"@type":["Person","Organization"],"@id":"https:\/\/36ppp.de\/moritz\/#\/schema\/person\/3004a09b7388b4fdcc8d57a3008946b5","name":"moritz","image":{"@type":"ImageObject","inLanguage":"de","@id":"https:\/\/36ppp.de\/moritz\/#\/schema\/person\/image\/","url":"https:\/\/secure.gravatar.com\/avatar\/e795a3aeb269d6fc83b9b00f8831b74dd4d97ecc51631f850dcd0271d9d48da6?s=96&d=mm&r=g","contentUrl":"https:\/\/secure.gravatar.com\/avatar\/e795a3aeb269d6fc83b9b00f8831b74dd4d97ecc51631f850dcd0271d9d48da6?s=96&d=mm&r=g","caption":"moritz"},"logo":{"@id":"https:\/\/36ppp.de\/moritz\/#\/schema\/person\/image\/"}}]}},"_links":{"self":[{"href":"https:\/\/36ppp.de\/moritz\/wp-json\/wp\/v2\/pages\/73","targetHints":{"allow":["GET"]}}],"collection":[{"href":"https:\/\/36ppp.de\/moritz\/wp-json\/wp\/v2\/pages"}],"about":[{"href":"https:\/\/36ppp.de\/moritz\/wp-json\/wp\/v2\/types\/page"}],"author":[{"embeddable":true,"href":"https:\/\/36ppp.de\/moritz\/wp-json\/wp\/v2\/users\/17"}],"replies":[{"embeddable":true,"href":"https:\/\/36ppp.de\/moritz\/wp-json\/wp\/v2\/comments?post=73"}],"version-history":[{"count":3,"href":"https:\/\/36ppp.de\/moritz\/wp-json\/wp\/v2\/pages\/73\/revisions"}],"predecessor-version":[{"id":160,"href":"https:\/\/36ppp.de\/moritz\/wp-json\/wp\/v2\/pages\/73\/revisions\/160"}],"wp:attachment":[{"href":"https:\/\/36ppp.de\/moritz\/wp-json\/wp\/v2\/media?parent=73"}],"curies":[{"name":"wp","href":"https:\/\/api.w.org\/{rel}","templated":true}]}}